{"id":990,"date":"2020-07-04T20:26:46","date_gmt":"2020-07-04T18:26:46","guid":{"rendered":"https:\/\/wik-pol.pl\/?post_type=product&#038;p=990"},"modified":"2024-01-02T17:39:05","modified_gmt":"2024-01-02T16:39:05","slug":"helm-ochronny-walter-101-czerwony","status":"publish","type":"product","link":"https:\/\/wik-pol.pl\/?product=helm-ochronny-walter-101-czerwony","title":{"rendered":"He\u0142m ochronny Walter 101 czerwony"},"content":{"rendered":"<p style=\"text-align: center;\"><strong>HE\u0141M OCHRONNY WALTER 101 CZERWONY<\/strong><\/p>\n<ul>\n<li>wykonany z tworzywa HDPE,<\/li>\n<li>zakres temperatur u\u017cytkowania he\u0142mu: od (- 10\u00b0C) do (+ 50\u00b0C),<\/li>\n<li>s\u0142u\u017cy do ochrony g\u0142owy przed urazami mechanicznymi,<\/li>\n<li>przeznaczony jest do zastosowa\u0144 og\u00f3lnoprzemys\u0142owych,<\/li>\n<li>sze\u015bcio punktowe mocowanie wi\u0119\u017aby do kasku,<\/li>\n<li>w komplecie pasek,<\/li>\n<li>Certyfikat CE Kategoria II\u00a0 EN-397:2012+A1:2012,<\/li>\n<li>dost\u0119pne kolory: czerwony.<\/li>\n<\/ul>\n","protected":false},"excerpt":{"rendered":"<p>HE\u0141M OCHRONNY WALTER 101 CZERWONY wykonany z tworzywa HDPE, zakres temperatur u\u017cytkowania he\u0142mu: od (- 10\u00b0C) do (+ 50\u00b0C), s\u0142u\u017cy do ochrony g\u0142owy przed urazami mechanicznymi, przeznaczony jest do zastosowa\u0144 &#8230;<\/p>\n","protected":false},"featured_media":982,"comment_status":"open","ping_status":"closed","template":"","meta":[],"product_brand":[],"product_cat":[19],"product_tag":[],"class_list":{"0":"post-990","1":"product","2":"type-product","3":"status-publish","4":"has-post-thumbnail","6":"product_cat-odziez-robocza","8":"first","9":"instock","10":"taxable","11":"shipping-taxable","12":"purchasable","13":"product-type-simple"},"jetpack_sharing_enabled":true,"_links":{"self":[{"href":"https:\/\/wik-pol.pl\/index.php?rest_route=\/wp\/v2\/product\/990","targetHints":{"allow":["GET"]}}],"collection":[{"href":"https:\/\/wik-pol.pl\/index.php?rest_route=\/wp\/v2\/product"}],"about":[{"href":"https:\/\/wik-pol.pl\/index.php?rest_route=\/wp\/v2\/types\/product"}],"replies":[{"embeddable":true,"href":"https:\/\/wik-pol.pl\/index.php?rest_route=%2Fwp%2Fv2%2Fcomments&post=990"}],"wp:featuredmedia":[{"embeddable":true,"href":"https:\/\/wik-pol.pl\/index.php?rest_route=\/wp\/v2\/media\/982"}],"wp:attachment":[{"href":"https:\/\/wik-pol.pl\/index.php?rest_route=%2Fwp%2Fv2%2Fmedia&parent=990"}],"wp:term":[{"taxonomy":"product_brand","embeddable":true,"href":"https:\/\/wik-pol.pl\/index.php?rest_route=%2Fwp%2Fv2%2Fproduct_brand&post=990"},{"taxonomy":"product_cat","embeddable":true,"href":"https:\/\/wik-pol.pl\/index.php?rest_route=%2Fwp%2Fv2%2Fproduct_cat&post=990"},{"taxonomy":"product_tag","embeddable":true,"href":"https:\/\/wik-pol.pl\/index.php?rest_route=%2Fwp%2Fv2%2Fproduct_tag&post=990"}],"curies":[{"name":"wp","href":"https:\/\/api.w.org\/{rel}","templated":true}]}}