{"id":888,"date":"2020-07-03T21:32:06","date_gmt":"2020-07-03T19:32:06","guid":{"rendered":"https:\/\/wik-pol.pl\/?post_type=product&#038;p=888"},"modified":"2024-01-02T17:41:37","modified_gmt":"2024-01-02T16:41:37","slug":"koszulka-t-shirt-t145-czarna","status":"publish","type":"product","link":"https:\/\/wik-pol.pl\/?product=koszulka-t-shirt-t145-czarna","title":{"rendered":"Koszulka T-shirt T145 czarna"},"content":{"rendered":"<p style=\"text-align: center;\"><strong>KOSZULKA T-SHIRT T145<\/strong><\/p>\n<ul>\n<li>wykonana z wysokiej jako\u015bci 100% bawe\u0142ny,<\/li>\n<li>145 g,<\/li>\n<li>dost\u0119pne kolory: czarny.<\/li>\n<li>dost\u0119pne rozmiary: M, L, XL, XXL, XXXL.<\/li>\n<\/ul>\n","protected":false},"excerpt":{"rendered":"<p>KOSZULKA T-SHIRT T145 wykonana z wysokiej jako\u015bci 100% bawe\u0142ny, 145 g, dost\u0119pne kolory: czarny. dost\u0119pne rozmiary: M, L, XL, XXL, XXXL.<\/p>\n","protected":false},"featured_media":780,"comment_status":"open","ping_status":"closed","template":"","meta":[],"product_brand":[],"product_cat":[19],"product_tag":[],"class_list":{"0":"post-888","1":"product","2":"type-product","3":"status-publish","4":"has-post-thumbnail","6":"product_cat-odziez-robocza","8":"first","9":"instock","10":"taxable","11":"shipping-taxable","12":"purchasable","13":"product-type-variable"},"jetpack_sharing_enabled":true,"_links":{"self":[{"href":"https:\/\/wik-pol.pl\/index.php?rest_route=\/wp\/v2\/product\/888","targetHints":{"allow":["GET"]}}],"collection":[{"href":"https:\/\/wik-pol.pl\/index.php?rest_route=\/wp\/v2\/product"}],"about":[{"href":"https:\/\/wik-pol.pl\/index.php?rest_route=\/wp\/v2\/types\/product"}],"replies":[{"embeddable":true,"href":"https:\/\/wik-pol.pl\/index.php?rest_route=%2Fwp%2Fv2%2Fcomments&post=888"}],"wp:featuredmedia":[{"embeddable":true,"href":"https:\/\/wik-pol.pl\/index.php?rest_route=\/wp\/v2\/media\/780"}],"wp:attachment":[{"href":"https:\/\/wik-pol.pl\/index.php?rest_route=%2Fwp%2Fv2%2Fmedia&parent=888"}],"wp:term":[{"taxonomy":"product_brand","embeddable":true,"href":"https:\/\/wik-pol.pl\/index.php?rest_route=%2Fwp%2Fv2%2Fproduct_brand&post=888"},{"taxonomy":"product_cat","embeddable":true,"href":"https:\/\/wik-pol.pl\/index.php?rest_route=%2Fwp%2Fv2%2Fproduct_cat&post=888"},{"taxonomy":"product_tag","embeddable":true,"href":"https:\/\/wik-pol.pl\/index.php?rest_route=%2Fwp%2Fv2%2Fproduct_tag&post=888"}],"curies":[{"name":"wp","href":"https:\/\/api.w.org\/{rel}","templated":true}]}}