{"id":874,"date":"2020-07-03T21:27:47","date_gmt":"2020-07-03T19:27:47","guid":{"rendered":"https:\/\/wik-pol.pl\/?post_type=product&#038;p=874"},"modified":"2024-01-02T17:42:15","modified_gmt":"2024-01-02T16:42:15","slug":"koszulka-t-shirt-t145-biala","status":"publish","type":"product","link":"https:\/\/wik-pol.pl\/?product=koszulka-t-shirt-t145-biala","title":{"rendered":"Koszulka T-shirt T145 bia\u0142a"},"content":{"rendered":"<p style=\"text-align: center;\"><strong>KOSZULKA T-SHIRT T145<\/strong><\/p>\n<ul>\n<li>wykonana z wysokiej jako\u015bci 100% bawe\u0142ny,<\/li>\n<li>145 g,<\/li>\n<li>dost\u0119pne kolory: bia\u0142y.<\/li>\n<li>dost\u0119pne rozmiary: M, L, XL, XXL, XXXL.<\/li>\n<\/ul>\n","protected":false},"excerpt":{"rendered":"<p>KOSZULKA T-SHIRT T145 wykonana z wysokiej jako\u015bci 100% bawe\u0142ny, 145 g, dost\u0119pne kolory: bia\u0142y. dost\u0119pne rozmiary: M, L, XL, XXL, XXXL.<\/p>\n","protected":false},"featured_media":783,"comment_status":"open","ping_status":"closed","template":"","meta":[],"product_brand":[],"product_cat":[19],"product_tag":[],"class_list":{"0":"post-874","1":"product","2":"type-product","3":"status-publish","4":"has-post-thumbnail","6":"product_cat-odziez-robocza","8":"first","9":"instock","10":"taxable","11":"shipping-taxable","12":"purchasable","13":"product-type-variable"},"jetpack_sharing_enabled":true,"_links":{"self":[{"href":"https:\/\/wik-pol.pl\/index.php?rest_route=\/wp\/v2\/product\/874","targetHints":{"allow":["GET"]}}],"collection":[{"href":"https:\/\/wik-pol.pl\/index.php?rest_route=\/wp\/v2\/product"}],"about":[{"href":"https:\/\/wik-pol.pl\/index.php?rest_route=\/wp\/v2\/types\/product"}],"replies":[{"embeddable":true,"href":"https:\/\/wik-pol.pl\/index.php?rest_route=%2Fwp%2Fv2%2Fcomments&post=874"}],"wp:featuredmedia":[{"embeddable":true,"href":"https:\/\/wik-pol.pl\/index.php?rest_route=\/wp\/v2\/media\/783"}],"wp:attachment":[{"href":"https:\/\/wik-pol.pl\/index.php?rest_route=%2Fwp%2Fv2%2Fmedia&parent=874"}],"wp:term":[{"taxonomy":"product_brand","embeddable":true,"href":"https:\/\/wik-pol.pl\/index.php?rest_route=%2Fwp%2Fv2%2Fproduct_brand&post=874"},{"taxonomy":"product_cat","embeddable":true,"href":"https:\/\/wik-pol.pl\/index.php?rest_route=%2Fwp%2Fv2%2Fproduct_cat&post=874"},{"taxonomy":"product_tag","embeddable":true,"href":"https:\/\/wik-pol.pl\/index.php?rest_route=%2Fwp%2Fv2%2Fproduct_tag&post=874"}],"curies":[{"name":"wp","href":"https:\/\/api.w.org\/{rel}","templated":true}]}}