{"id":2149,"date":"2021-05-12T11:40:38","date_gmt":"2021-05-12T09:40:38","guid":{"rendered":"https:\/\/wik-pol.pl\/?post_type=product&#038;p=2149"},"modified":"2024-01-02T17:57:08","modified_gmt":"2024-01-02T16:57:08","slug":"okulary-b507s","status":"publish","type":"product","link":"https:\/\/wik-pol.pl\/?product=okulary-b507s","title":{"rendered":"Okulary B507S"},"content":{"rendered":"<div id=\"nav-text\" class=\"tab-pane fade show active\" role=\"tabpanel\" aria-labelledby=\"nav-text-tab\">\n<p style=\"text-align: center;\"><strong>OKULARY B507S<\/strong><\/p>\n<ul>\n<li>Ochrona oczu przed odpryskami cia\u0142 sta\u0142ych o niskiej energii uderzenia (<strong>pr\u0119dko\u015b\u0107 uderzenia do 5.1m\/s, kulk\u0105 22mm<\/strong>).<\/li>\n<li>Mog\u0105 by\u0107 stosowane na okulary korekcyjne.<\/li>\n<li>Panoramiczna szyba poliw\u0119glanowa.<\/li>\n<\/ul>\n<p>CERTYFIKAT CE KAT. II<\/p>\n<\/div>\n","protected":false},"excerpt":{"rendered":"<p>OKULARY B507S Ochrona oczu przed odpryskami cia\u0142 sta\u0142ych o niskiej energii uderzenia (pr\u0119dko\u015b\u0107 uderzenia do 5.1m\/s, kulk\u0105 22mm). Mog\u0105 by\u0107 stosowane na okulary korekcyjne. Panoramiczna szyba poliw\u0119glanowa. CERTYFIKAT CE KAT. &#8230;<\/p>\n","protected":false},"featured_media":2147,"comment_status":"open","ping_status":"closed","template":"","meta":[],"product_brand":[],"product_cat":[134,19],"product_tag":[],"class_list":{"0":"post-2149","1":"product","2":"type-product","3":"status-publish","4":"has-post-thumbnail","6":"product_cat-promocje-2024","7":"product_cat-odziez-robocza","9":"first","10":"instock","11":"sale","12":"taxable","13":"shipping-taxable","14":"purchasable","15":"product-type-simple"},"jetpack_sharing_enabled":true,"_links":{"self":[{"href":"https:\/\/wik-pol.pl\/index.php?rest_route=\/wp\/v2\/product\/2149","targetHints":{"allow":["GET"]}}],"collection":[{"href":"https:\/\/wik-pol.pl\/index.php?rest_route=\/wp\/v2\/product"}],"about":[{"href":"https:\/\/wik-pol.pl\/index.php?rest_route=\/wp\/v2\/types\/product"}],"replies":[{"embeddable":true,"href":"https:\/\/wik-pol.pl\/index.php?rest_route=%2Fwp%2Fv2%2Fcomments&post=2149"}],"wp:featuredmedia":[{"embeddable":true,"href":"https:\/\/wik-pol.pl\/index.php?rest_route=\/wp\/v2\/media\/2147"}],"wp:attachment":[{"href":"https:\/\/wik-pol.pl\/index.php?rest_route=%2Fwp%2Fv2%2Fmedia&parent=2149"}],"wp:term":[{"taxonomy":"product_brand","embeddable":true,"href":"https:\/\/wik-pol.pl\/index.php?rest_route=%2Fwp%2Fv2%2Fproduct_brand&post=2149"},{"taxonomy":"product_cat","embeddable":true,"href":"https:\/\/wik-pol.pl\/index.php?rest_route=%2Fwp%2Fv2%2Fproduct_cat&post=2149"},{"taxonomy":"product_tag","embeddable":true,"href":"https:\/\/wik-pol.pl\/index.php?rest_route=%2Fwp%2Fv2%2Fproduct_tag&post=2149"}],"curies":[{"name":"wp","href":"https:\/\/api.w.org\/{rel}","templated":true}]}}