{"id":2091,"date":"2021-02-24T21:50:53","date_gmt":"2021-02-24T20:50:53","guid":{"rendered":"https:\/\/wik-pol.pl\/?post_type=product&#038;p=2091"},"modified":"2024-01-02T16:31:27","modified_gmt":"2024-01-02T15:31:27","slug":"czapka-cbi-szara","status":"publish","type":"product","link":"https:\/\/wik-pol.pl\/?product=czapka-cbi-szara","title":{"rendered":"Czapka CBI szara"},"content":{"rendered":"<p style=\"text-align: center;\"><strong>CZAPKA CBI SZARA<br \/>\n<\/strong><\/p>\n<ul>\n<li>czapka baseballowa,<\/li>\n<li>gruby drelich 295 gram,<\/li>\n<li>p\u00f3\u0142okr\u0105g\u0142y daszek,<\/li>\n<li>regulacja obwodu g\u0142owy,<\/li>\n<li>zapinana na rzep,<\/li>\n<li>usztywnione czo\u0142o,<\/li>\n<li>CE KAT. I PN-EN 13688:2013.<\/li>\n<\/ul>\n","protected":false},"excerpt":{"rendered":"<p>CZAPKA CBI SZARA czapka baseballowa, gruby drelich 295 gram, p\u00f3\u0142okr\u0105g\u0142y daszek, regulacja obwodu g\u0142owy, zapinana na rzep, usztywnione czo\u0142o, CE KAT. I PN-EN 13688:2013.<\/p>\n","protected":false},"featured_media":1319,"comment_status":"open","ping_status":"closed","template":"","meta":[],"product_brand":[],"product_cat":[19],"product_tag":[],"class_list":{"0":"post-2091","1":"product","2":"type-product","3":"status-publish","4":"has-post-thumbnail","6":"product_cat-odziez-robocza","8":"first","9":"instock","10":"taxable","11":"shipping-taxable","12":"purchasable","13":"product-type-simple"},"jetpack_sharing_enabled":true,"_links":{"self":[{"href":"https:\/\/wik-pol.pl\/index.php?rest_route=\/wp\/v2\/product\/2091","targetHints":{"allow":["GET"]}}],"collection":[{"href":"https:\/\/wik-pol.pl\/index.php?rest_route=\/wp\/v2\/product"}],"about":[{"href":"https:\/\/wik-pol.pl\/index.php?rest_route=\/wp\/v2\/types\/product"}],"replies":[{"embeddable":true,"href":"https:\/\/wik-pol.pl\/index.php?rest_route=%2Fwp%2Fv2%2Fcomments&post=2091"}],"wp:featuredmedia":[{"embeddable":true,"href":"https:\/\/wik-pol.pl\/index.php?rest_route=\/wp\/v2\/media\/1319"}],"wp:attachment":[{"href":"https:\/\/wik-pol.pl\/index.php?rest_route=%2Fwp%2Fv2%2Fmedia&parent=2091"}],"wp:term":[{"taxonomy":"product_brand","embeddable":true,"href":"https:\/\/wik-pol.pl\/index.php?rest_route=%2Fwp%2Fv2%2Fproduct_brand&post=2091"},{"taxonomy":"product_cat","embeddable":true,"href":"https:\/\/wik-pol.pl\/index.php?rest_route=%2Fwp%2Fv2%2Fproduct_cat&post=2091"},{"taxonomy":"product_tag","embeddable":true,"href":"https:\/\/wik-pol.pl\/index.php?rest_route=%2Fwp%2Fv2%2Fproduct_tag&post=2091"}],"curies":[{"name":"wp","href":"https:\/\/api.w.org\/{rel}","templated":true}]}}