{"id":1933,"date":"2020-10-17T11:34:19","date_gmt":"2020-10-17T09:34:19","guid":{"rendered":"https:\/\/wik-pol.pl\/?post_type=product&#038;p=1933"},"modified":"2024-01-02T17:57:08","modified_gmt":"2024-01-02T16:57:08","slug":"kurtka-classic-oc-long","status":"publish","type":"product","link":"https:\/\/wik-pol.pl\/?product=kurtka-classic-oc-long","title":{"rendered":"Kurtka CLASSIC OC Long"},"content":{"rendered":"<p style=\"text-align: center;\"><strong>KURTKA CLASSIC OC LONG<\/strong><\/p>\n<ul>\n<li>wykonana z bardzo wytrzyma\u0142ej specjalistycznej tkaniny 80% poliestru i 20% bawe\u0142ny o bardzo wysokiej gramaturze: 270 +\/-10 gram\/m2 z mocnym zwartym splocie,<\/li>\n<li>profesjonalne szycie i estetyka wykonania,<\/li>\n<li>podwy\u017cszona gramatura ociepliny, podszewka z poliestru,<\/li>\n<li>podw\u00f3jne szwy oraz liczne solidne rygl\u00f3wki wzmacniaj\u0105ce dodatkowo miejsca szczeg\u00f3lnie nara\u017cone na rozerwanie,<\/li>\n<li>zako\u0144czona ko\u0142nierzem, zasuwana na zamek os\u0142oni\u0119ty listw\u0105 zapinan\u0105 na rzepy,<\/li>\n<li>przed\u0142u\u017cony kr\u00f3j,<\/li>\n<li>bardzo niska kurczliwo\u015b\u0107, nawet po wielokrotnym praniu.<\/li>\n<\/ul>\n<p><strong>CE Kat. I PN-EN 13688:2013<\/strong><\/p>\n","protected":false},"excerpt":{"rendered":"<p>KURTKA CLASSIC OC LONG wykonana z bardzo wytrzyma\u0142ej specjalistycznej tkaniny 80% poliestru i 20% bawe\u0142ny o bardzo wysokiej gramaturze: 270 +\/-10 gram\/m2 z mocnym zwartym splocie, profesjonalne szycie i estetyka &#8230;<\/p>\n","protected":false},"featured_media":1934,"comment_status":"open","ping_status":"closed","template":"","meta":[],"product_brand":[],"product_cat":[134,19],"product_tag":[],"class_list":{"0":"post-1933","1":"product","2":"type-product","3":"status-publish","4":"has-post-thumbnail","6":"product_cat-promocje-2024","7":"product_cat-odziez-robocza","9":"first","10":"instock","11":"sale","12":"taxable","13":"shipping-taxable","14":"purchasable","15":"product-type-variable"},"jetpack_sharing_enabled":true,"_links":{"self":[{"href":"https:\/\/wik-pol.pl\/index.php?rest_route=\/wp\/v2\/product\/1933","targetHints":{"allow":["GET"]}}],"collection":[{"href":"https:\/\/wik-pol.pl\/index.php?rest_route=\/wp\/v2\/product"}],"about":[{"href":"https:\/\/wik-pol.pl\/index.php?rest_route=\/wp\/v2\/types\/product"}],"replies":[{"embeddable":true,"href":"https:\/\/wik-pol.pl\/index.php?rest_route=%2Fwp%2Fv2%2Fcomments&post=1933"}],"wp:featuredmedia":[{"embeddable":true,"href":"https:\/\/wik-pol.pl\/index.php?rest_route=\/wp\/v2\/media\/1934"}],"wp:attachment":[{"href":"https:\/\/wik-pol.pl\/index.php?rest_route=%2Fwp%2Fv2%2Fmedia&parent=1933"}],"wp:term":[{"taxonomy":"product_brand","embeddable":true,"href":"https:\/\/wik-pol.pl\/index.php?rest_route=%2Fwp%2Fv2%2Fproduct_brand&post=1933"},{"taxonomy":"product_cat","embeddable":true,"href":"https:\/\/wik-pol.pl\/index.php?rest_route=%2Fwp%2Fv2%2Fproduct_cat&post=1933"},{"taxonomy":"product_tag","embeddable":true,"href":"https:\/\/wik-pol.pl\/index.php?rest_route=%2Fwp%2Fv2%2Fproduct_tag&post=1933"}],"curies":[{"name":"wp","href":"https:\/\/api.w.org\/{rel}","templated":true}]}}