{"id":1917,"date":"2020-10-17T11:13:47","date_gmt":"2020-10-17T09:13:47","guid":{"rendered":"https:\/\/wik-pol.pl\/?post_type=product&#038;p=1917"},"modified":"2024-01-02T17:57:09","modified_gmt":"2024-01-02T16:57:09","slug":"polar-asymetric-niebieski","status":"publish","type":"product","link":"https:\/\/wik-pol.pl\/?product=polar-asymetric-niebieski","title":{"rendered":"Polar Asymetric niebieski"},"content":{"rendered":"<p style=\"text-align: center;\"><strong>POLAR ASTYMETRIC NIEBIESKI<\/strong><\/p>\n<ul>\n<li>bluza polarowa o gramaturze 300g\/m2,<\/li>\n<li>wykonana z 100% poliestru,<\/li>\n<li>zapinana na suwak,<\/li>\n<li>r\u0119kaw zako\u0144czony gumk\u0105 &#8211; ogranicza to przedostawanie si\u0119 ch\u0142odnego powietrza pod sp\u00f3d,<\/li>\n<li>d\u00f3\u0142 bluzy regulowany za pomoc\u0105 elastycznego sznurka,<\/li>\n<li>ko\u0142nierz &#8211; wysoka st\u00f3jka,<\/li>\n<li>3 kieszenie zewn\u0119trzne zamykane na suwak, w tym 2 boczne oraz 1 napoleo\u0144ska (na klatce piersiowej).<\/li>\n<\/ul>\n<p><strong>CE Kat. I EN ISO 13688:2013<\/strong><\/p>\n","protected":false},"excerpt":{"rendered":"<p>POLAR ASTYMETRIC NIEBIESKI bluza polarowa o gramaturze 300g\/m2, wykonana z 100% poliestru, zapinana na suwak, r\u0119kaw zako\u0144czony gumk\u0105 &#8211; ogranicza to przedostawanie si\u0119 ch\u0142odnego powietrza pod sp\u00f3d, d\u00f3\u0142 bluzy regulowany &#8230;<\/p>\n","protected":false},"featured_media":1918,"comment_status":"open","ping_status":"closed","template":"","meta":[],"product_brand":[],"product_cat":[134,19],"product_tag":[],"class_list":{"0":"post-1917","1":"product","2":"type-product","3":"status-publish","4":"has-post-thumbnail","6":"product_cat-promocje-2024","7":"product_cat-odziez-robocza","9":"first","10":"instock","11":"sale","12":"taxable","13":"shipping-taxable","14":"purchasable","15":"product-type-variable"},"jetpack_sharing_enabled":true,"_links":{"self":[{"href":"https:\/\/wik-pol.pl\/index.php?rest_route=\/wp\/v2\/product\/1917","targetHints":{"allow":["GET"]}}],"collection":[{"href":"https:\/\/wik-pol.pl\/index.php?rest_route=\/wp\/v2\/product"}],"about":[{"href":"https:\/\/wik-pol.pl\/index.php?rest_route=\/wp\/v2\/types\/product"}],"replies":[{"embeddable":true,"href":"https:\/\/wik-pol.pl\/index.php?rest_route=%2Fwp%2Fv2%2Fcomments&post=1917"}],"wp:featuredmedia":[{"embeddable":true,"href":"https:\/\/wik-pol.pl\/index.php?rest_route=\/wp\/v2\/media\/1918"}],"wp:attachment":[{"href":"https:\/\/wik-pol.pl\/index.php?rest_route=%2Fwp%2Fv2%2Fmedia&parent=1917"}],"wp:term":[{"taxonomy":"product_brand","embeddable":true,"href":"https:\/\/wik-pol.pl\/index.php?rest_route=%2Fwp%2Fv2%2Fproduct_brand&post=1917"},{"taxonomy":"product_cat","embeddable":true,"href":"https:\/\/wik-pol.pl\/index.php?rest_route=%2Fwp%2Fv2%2Fproduct_cat&post=1917"},{"taxonomy":"product_tag","embeddable":true,"href":"https:\/\/wik-pol.pl\/index.php?rest_route=%2Fwp%2Fv2%2Fproduct_tag&post=1917"}],"curies":[{"name":"wp","href":"https:\/\/api.w.org\/{rel}","templated":true}]}}