{"id":1881,"date":"2020-10-17T00:16:38","date_gmt":"2020-10-16T22:16:38","guid":{"rendered":"https:\/\/wik-pol.pl\/?post_type=product&#038;p=1881"},"modified":"2024-01-02T17:57:09","modified_gmt":"2024-01-02T16:57:09","slug":"kurtka-ocieplana-flash-bi-short-zolta","status":"publish","type":"product","link":"https:\/\/wik-pol.pl\/?product=kurtka-ocieplana-flash-bi-short-zolta","title":{"rendered":"Kurtka ocieplana FLASH BI Short \u017c\u00f3\u0142ta"},"content":{"rendered":"<p style=\"text-align: center;\"><strong>KURTKA OCIEPLANA FLASH BI SHORT \u017b\u00d3\u0141TA<\/strong><\/p>\n<ul>\n<li>ocieplana kurtka ochronna wykonana z wodoodpornego,<\/li>\n<li>fluorescencyjnego materia\u0142u 300D poliester Oxford o wysokiej widoczno\u015bci,<\/li>\n<li>impregnowanego PU,<\/li>\n<li>poliestrowej ociepliny,<\/li>\n<li>od wewn\u0105trz wyko\u0144czona poliestrow\u0105 podszewk\u0105,<\/li>\n<li>wygodna,<\/li>\n<li>niekr\u0119puj\u0105ca ruch\u00f3w,<\/li>\n<li>wielofunkcyjna kurtka,<\/li>\n<li>ocieplana i wodoodporna o wysokiej widoczno\u015bci,<\/li>\n<li>doskona\u0142a dla kierowc\u00f3w,<\/li>\n<li>pracownik\u00f3w transportu, drogowc\u00f3w i rowerzyst\u00f3w oraz do prac wymagaj\u0105cych du\u017cej widoczno\u015bci u\u017cytkownika w warunkach zimowych lub deszczowych.<\/li>\n<\/ul>\n<p>&nbsp;<\/p>\n<p>CHARAKTERYSTYKA:<\/p>\n<ul>\n<li>kr\u00f3tki fason typu bomber,<\/li>\n<li>naszyte pasy odblaskowe na torsie i r\u0119kawach,<\/li>\n<li>zapinana na zamek b\u0142yskawiczny,<\/li>\n<li>od wewn\u0105trz ocieplana odpinanym ko\u017cuszkiem, zapinany na zamek b\u0142yskawiczny,<\/li>\n<li>odpinane r\u0119kawy, zapinane na zamek b\u0142yskawiczny, zako\u0144czone \u015bci\u0105gaczem,<\/li>\n<li>d\u00f3\u0142 kurtki dopasowany do sylwetki dzi\u0119ki elastycznemu \u015bci\u0105gaczowi,<\/li>\n<li>odpinany ko\u0142nierz, ocieplany ko\u017cuszkiem, zapinany na suwak,<\/li>\n<li>kaptur chowany w st\u00f3jce, \u015bci\u0105gany za pomoc\u0105 sznurka,<\/li>\n<li>liczne rygl\u00f3wki wzmacniaj\u0105ce zako\u0144czenia szw\u00f3w,<\/li>\n<li>5 kieszeni zewn\u0119trznych: dwie zamykane na suwak na klatce piersiowej, dwie kieszenie boczne, 1 kiesze\u0144 na r\u0119kawie zamykana na suwak,<\/li>\n<li>1 kiesze\u0144 wewn\u0119trzna na ko\u017cuszku,<\/li>\n<li>1 kiesze\u0144 wewn\u0119trzna na podszewce,<\/li>\n<li>powierzchnie kurtki szczeg\u00f3lnie nara\u017cone na zabrudzenia wykonane w czarnym kolorze.<\/li>\n<\/ul>\n<p>&nbsp;<\/p>\n<p>SPE\u0141NIAJACA WYMAGANIA NORM:<\/p>\n<ul>\n<li>EN ISO 20471:2013 dla odzie\u017cy o intensywnej widzialno\u015bci<\/li>\n<li>klasa 2 powierzchni materia\u0142u zgodnie z wymaganiami normy EN ISO 20471:2013.<\/li>\n<\/ul>\n<p><strong>Certyfikat CE Kat. II\u00a0 EN ISO 20471:2013, EN ISO 13688:2013<\/strong><\/p>\n","protected":false},"excerpt":{"rendered":"<p>KURTKA OCIEPLANA FLASH BI SHORT \u017b\u00d3\u0141TA ocieplana kurtka ochronna wykonana z wodoodpornego, fluorescencyjnego materia\u0142u 300D poliester Oxford o wysokiej widoczno\u015bci, impregnowanego PU, poliestrowej ociepliny, od wewn\u0105trz wyko\u0144czona poliestrow\u0105 podszewk\u0105, wygodna, &#8230;<\/p>\n","protected":false},"featured_media":1882,"comment_status":"open","ping_status":"closed","template":"","meta":[],"product_brand":[],"product_cat":[134,19],"product_tag":[],"class_list":{"0":"post-1881","1":"product","2":"type-product","3":"status-publish","4":"has-post-thumbnail","6":"product_cat-promocje-2024","7":"product_cat-odziez-robocza","9":"first","10":"instock","11":"sale","12":"taxable","13":"shipping-taxable","14":"purchasable","15":"product-type-variable"},"jetpack_sharing_enabled":true,"_links":{"self":[{"href":"https:\/\/wik-pol.pl\/index.php?rest_route=\/wp\/v2\/product\/1881","targetHints":{"allow":["GET"]}}],"collection":[{"href":"https:\/\/wik-pol.pl\/index.php?rest_route=\/wp\/v2\/product"}],"about":[{"href":"https:\/\/wik-pol.pl\/index.php?rest_route=\/wp\/v2\/types\/product"}],"replies":[{"embeddable":true,"href":"https:\/\/wik-pol.pl\/index.php?rest_route=%2Fwp%2Fv2%2Fcomments&post=1881"}],"wp:featuredmedia":[{"embeddable":true,"href":"https:\/\/wik-pol.pl\/index.php?rest_route=\/wp\/v2\/media\/1882"}],"wp:attachment":[{"href":"https:\/\/wik-pol.pl\/index.php?rest_route=%2Fwp%2Fv2%2Fmedia&parent=1881"}],"wp:term":[{"taxonomy":"product_brand","embeddable":true,"href":"https:\/\/wik-pol.pl\/index.php?rest_route=%2Fwp%2Fv2%2Fproduct_brand&post=1881"},{"taxonomy":"product_cat","embeddable":true,"href":"https:\/\/wik-pol.pl\/index.php?rest_route=%2Fwp%2Fv2%2Fproduct_cat&post=1881"},{"taxonomy":"product_tag","embeddable":true,"href":"https:\/\/wik-pol.pl\/index.php?rest_route=%2Fwp%2Fv2%2Fproduct_tag&post=1881"}],"curies":[{"name":"wp","href":"https:\/\/api.w.org\/{rel}","templated":true}]}}