{"id":1863,"date":"2020-10-16T23:37:15","date_gmt":"2020-10-16T21:37:15","guid":{"rendered":"https:\/\/wik-pol.pl\/?post_type=product&#038;p=1863"},"modified":"2024-01-02T16:57:52","modified_gmt":"2024-01-02T15:57:52","slug":"buty-ochronne-comfort-sb","status":"publish","type":"product","link":"https:\/\/wik-pol.pl\/?product=buty-ochronne-comfort-sb","title":{"rendered":"Buty ochronne COMFORT SB"},"content":{"rendered":"<p style=\"text-align: center;\"><strong>BUTY OCHRONNE COMFORT SB<\/strong><\/p>\n<ul>\n<li>trzewik ochronny,<\/li>\n<li>cholewka wysoka wykonana ze sk\u00f3r naturalnych t\u0142oczonych,<\/li>\n<li>stalowy podnosek,<\/li>\n<li>podeszwa pu,<\/li>\n<li>monta\u017c przez bezpo\u015bredni wtrysk,<\/li>\n<li>odporna na olej, benzyn\u0119 i inne rozpuszczalniki organiczne,<\/li>\n<li>chroni\u0105ca przed po\u015blizgiem,<\/li>\n<li>absorber energii w pi\u0119cie,<\/li>\n<li>kategoria ochrony: SB SRC.<\/li>\n<\/ul>\n<p>Certyfikat CE Kat. II\u00a0\u00a0EN ISO 20345:2011<\/p>\n","protected":false},"excerpt":{"rendered":"<p>BUTY OCHRONNE COMFORT SB trzewik ochronny, cholewka wysoka wykonana ze sk\u00f3r naturalnych t\u0142oczonych, stalowy podnosek, podeszwa pu, monta\u017c przez bezpo\u015bredni wtrysk, odporna na olej, benzyn\u0119 i inne rozpuszczalniki organiczne, chroni\u0105ca &#8230;<\/p>\n","protected":false},"featured_media":1875,"comment_status":"open","ping_status":"closed","template":"","meta":[],"product_brand":[],"product_cat":[19],"product_tag":[],"class_list":{"0":"post-1863","1":"product","2":"type-product","3":"status-publish","4":"has-post-thumbnail","6":"product_cat-odziez-robocza","8":"first","9":"instock","10":"taxable","11":"shipping-taxable","12":"purchasable","13":"product-type-variable"},"jetpack_sharing_enabled":true,"_links":{"self":[{"href":"https:\/\/wik-pol.pl\/index.php?rest_route=\/wp\/v2\/product\/1863","targetHints":{"allow":["GET"]}}],"collection":[{"href":"https:\/\/wik-pol.pl\/index.php?rest_route=\/wp\/v2\/product"}],"about":[{"href":"https:\/\/wik-pol.pl\/index.php?rest_route=\/wp\/v2\/types\/product"}],"replies":[{"embeddable":true,"href":"https:\/\/wik-pol.pl\/index.php?rest_route=%2Fwp%2Fv2%2Fcomments&post=1863"}],"wp:featuredmedia":[{"embeddable":true,"href":"https:\/\/wik-pol.pl\/index.php?rest_route=\/wp\/v2\/media\/1875"}],"wp:attachment":[{"href":"https:\/\/wik-pol.pl\/index.php?rest_route=%2Fwp%2Fv2%2Fmedia&parent=1863"}],"wp:term":[{"taxonomy":"product_brand","embeddable":true,"href":"https:\/\/wik-pol.pl\/index.php?rest_route=%2Fwp%2Fv2%2Fproduct_brand&post=1863"},{"taxonomy":"product_cat","embeddable":true,"href":"https:\/\/wik-pol.pl\/index.php?rest_route=%2Fwp%2Fv2%2Fproduct_cat&post=1863"},{"taxonomy":"product_tag","embeddable":true,"href":"https:\/\/wik-pol.pl\/index.php?rest_route=%2Fwp%2Fv2%2Fproduct_tag&post=1863"}],"curies":[{"name":"wp","href":"https:\/\/api.w.org\/{rel}","templated":true}]}}