{"id":1861,"date":"2020-10-16T23:02:11","date_gmt":"2020-10-16T21:02:11","guid":{"rendered":"https:\/\/wik-pol.pl\/?post_type=product&#038;p=1861"},"modified":"2024-01-02T17:01:38","modified_gmt":"2024-01-02T16:01:38","slug":"helm-walter-4-zielony","status":"publish","type":"product","link":"https:\/\/wik-pol.pl\/?product=helm-walter-4-zielony","title":{"rendered":"He\u0142m WALTER 4 zielony"},"content":{"rendered":"<p style=\"text-align: center;\"><strong>HE\u0141M WALTER 4 ZIELONY<\/strong><\/p>\n<ul>\n<li>wykonany z tworzywa HDPE,<\/li>\n<li>Cztero punktowe mocowanie paska podbr\u00f3dkowego,<\/li>\n<li>sze\u015bcio punktowe mocowanie wi\u0119\u017aby do kasku,<\/li>\n<li>mo\u017ce by\u0107 u\u017cytkowany w zakresie temperatur od (-10\u00b0C) do (+50\u00b0C).<\/li>\n<li>okres u\u017cytkowania: 4 lata od daty produkcji.<\/li>\n<\/ul>\n<p>WYPOSA\u017bENIE:<\/p>\n<ul>\n<li>regulacja rozmiaru umieszczona na pasie tylnym, zakres regulacji: 53 cm -62 cm<\/li>\n<li>pasek podbr\u00f3dkowy z mo\u017cliwo\u015bci\u0105 regulacji d\u0142ugo\u015bci<\/li>\n<li>potnik.<\/li>\n<\/ul>\n<p><strong>Certyfikat CE Kat. II EN-397:2012+A1:2012<\/strong><\/p>\n","protected":false},"excerpt":{"rendered":"<p>HE\u0141M WALTER 4 ZIELONY wykonany z tworzywa HDPE, Cztero punktowe mocowanie paska podbr\u00f3dkowego, sze\u015bcio punktowe mocowanie wi\u0119\u017aby do kasku, mo\u017ce by\u0107 u\u017cytkowany w zakresie temperatur od (-10\u00b0C) do (+50\u00b0C). okres &#8230;<\/p>\n","protected":false},"featured_media":1850,"comment_status":"open","ping_status":"closed","template":"","meta":[],"product_brand":[],"product_cat":[19],"product_tag":[],"class_list":{"0":"post-1861","1":"product","2":"type-product","3":"status-publish","4":"has-post-thumbnail","6":"product_cat-odziez-robocza","8":"first","9":"instock","10":"taxable","11":"shipping-taxable","12":"purchasable","13":"product-type-simple"},"jetpack_sharing_enabled":true,"_links":{"self":[{"href":"https:\/\/wik-pol.pl\/index.php?rest_route=\/wp\/v2\/product\/1861","targetHints":{"allow":["GET"]}}],"collection":[{"href":"https:\/\/wik-pol.pl\/index.php?rest_route=\/wp\/v2\/product"}],"about":[{"href":"https:\/\/wik-pol.pl\/index.php?rest_route=\/wp\/v2\/types\/product"}],"replies":[{"embeddable":true,"href":"https:\/\/wik-pol.pl\/index.php?rest_route=%2Fwp%2Fv2%2Fcomments&post=1861"}],"wp:featuredmedia":[{"embeddable":true,"href":"https:\/\/wik-pol.pl\/index.php?rest_route=\/wp\/v2\/media\/1850"}],"wp:attachment":[{"href":"https:\/\/wik-pol.pl\/index.php?rest_route=%2Fwp%2Fv2%2Fmedia&parent=1861"}],"wp:term":[{"taxonomy":"product_brand","embeddable":true,"href":"https:\/\/wik-pol.pl\/index.php?rest_route=%2Fwp%2Fv2%2Fproduct_brand&post=1861"},{"taxonomy":"product_cat","embeddable":true,"href":"https:\/\/wik-pol.pl\/index.php?rest_route=%2Fwp%2Fv2%2Fproduct_cat&post=1861"},{"taxonomy":"product_tag","embeddable":true,"href":"https:\/\/wik-pol.pl\/index.php?rest_route=%2Fwp%2Fv2%2Fproduct_tag&post=1861"}],"curies":[{"name":"wp","href":"https:\/\/api.w.org\/{rel}","templated":true}]}}