{"id":1855,"date":"2020-10-16T22:41:08","date_gmt":"2020-10-16T20:41:08","guid":{"rendered":"https:\/\/wik-pol.pl\/?post_type=product&#038;p=1855"},"modified":"2024-01-02T17:57:09","modified_gmt":"2024-01-02T16:57:09","slug":"nakolannik-nsp","status":"publish","type":"product","link":"https:\/\/wik-pol.pl\/?product=nakolannik-nsp","title":{"rendered":"Nakolannik NSp"},"content":{"rendered":"<p style=\"text-align: center;\"><strong>NAKOLANNIK NSP<\/strong><\/p>\n<ul>\n<li>wk\u0142ad do zastosowania z wybranymi spodniami Proffesional,<\/li>\n<li>100% polietylenu,<\/li>\n<li>wk\u0142adki nakolannikowe,<\/li>\n<li>chroni\u0105 kolana podczas kl\u0119kania, nie kr\u0119puj\u0105 ruch\u00f3w podczas chodzenia,<\/li>\n<li>wysoka ergonomia,<\/li>\n<li>jako\u015b\u0107 i wygoda wed\u0142ug standard\u00f3w UE.<\/li>\n<\/ul>\n<p><strong>CE kat.1<\/strong><\/p>\n","protected":false},"excerpt":{"rendered":"<p>NAKOLANNIK NSP wk\u0142ad do zastosowania z wybranymi spodniami Proffesional, 100% polietylenu, wk\u0142adki nakolannikowe, chroni\u0105 kolana podczas kl\u0119kania, nie kr\u0119puj\u0105 ruch\u00f3w podczas chodzenia, wysoka ergonomia, jako\u015b\u0107 i wygoda wed\u0142ug standard\u00f3w UE. &#8230;<\/p>\n","protected":false},"featured_media":1847,"comment_status":"open","ping_status":"closed","template":"","meta":[],"product_brand":[],"product_cat":[134,19],"product_tag":[],"class_list":{"0":"post-1855","1":"product","2":"type-product","3":"status-publish","4":"has-post-thumbnail","6":"product_cat-promocje-2024","7":"product_cat-odziez-robocza","9":"first","10":"instock","11":"sale","12":"taxable","13":"shipping-taxable","14":"purchasable","15":"product-type-simple"},"jetpack_sharing_enabled":true,"_links":{"self":[{"href":"https:\/\/wik-pol.pl\/index.php?rest_route=\/wp\/v2\/product\/1855","targetHints":{"allow":["GET"]}}],"collection":[{"href":"https:\/\/wik-pol.pl\/index.php?rest_route=\/wp\/v2\/product"}],"about":[{"href":"https:\/\/wik-pol.pl\/index.php?rest_route=\/wp\/v2\/types\/product"}],"replies":[{"embeddable":true,"href":"https:\/\/wik-pol.pl\/index.php?rest_route=%2Fwp%2Fv2%2Fcomments&post=1855"}],"wp:featuredmedia":[{"embeddable":true,"href":"https:\/\/wik-pol.pl\/index.php?rest_route=\/wp\/v2\/media\/1847"}],"wp:attachment":[{"href":"https:\/\/wik-pol.pl\/index.php?rest_route=%2Fwp%2Fv2%2Fmedia&parent=1855"}],"wp:term":[{"taxonomy":"product_brand","embeddable":true,"href":"https:\/\/wik-pol.pl\/index.php?rest_route=%2Fwp%2Fv2%2Fproduct_brand&post=1855"},{"taxonomy":"product_cat","embeddable":true,"href":"https:\/\/wik-pol.pl\/index.php?rest_route=%2Fwp%2Fv2%2Fproduct_cat&post=1855"},{"taxonomy":"product_tag","embeddable":true,"href":"https:\/\/wik-pol.pl\/index.php?rest_route=%2Fwp%2Fv2%2Fproduct_tag&post=1855"}],"curies":[{"name":"wp","href":"https:\/\/api.w.org\/{rel}","templated":true}]}}