{"id":1845,"date":"2020-10-16T22:32:46","date_gmt":"2020-10-16T20:32:46","guid":{"rendered":"https:\/\/wik-pol.pl\/?post_type=product&#038;p=1845"},"modified":"2024-01-02T17:05:33","modified_gmt":"2024-01-02T16:05:33","slug":"okulary-b507","status":"publish","type":"product","link":"https:\/\/wik-pol.pl\/?product=okulary-b507","title":{"rendered":"Okulary B507"},"content":{"rendered":"<p style=\"text-align: center;\"><strong>OKULARY B507<\/strong><\/p>\n<ul>\n<li>ochrona oczu przed odpryskami cia\u0142 sta\u0142ych o niskiej energii uderzenia (pr\u0119dko\u015b\u0107 uderzenia do <strong>5.1m\/s, kulk\u0105 22mm<\/strong>),<\/li>\n<li>mog\u0105 by\u0107 stosowane na okulary korekcyjne,<\/li>\n<li>panoramiczna szyba poliw\u0119glanowa.<\/li>\n<\/ul>\n<p><strong>Certyfikat CE KAT. II<\/strong><\/p>\n","protected":false},"excerpt":{"rendered":"<p>OKULARY B507 ochrona oczu przed odpryskami cia\u0142 sta\u0142ych o niskiej energii uderzenia (pr\u0119dko\u015b\u0107 uderzenia do 5.1m\/s, kulk\u0105 22mm), mog\u0105 by\u0107 stosowane na okulary korekcyjne, panoramiczna szyba poliw\u0119glanowa. Certyfikat CE KAT. &#8230;<\/p>\n","protected":false},"featured_media":1846,"comment_status":"open","ping_status":"closed","template":"","meta":[],"product_brand":[],"product_cat":[19],"product_tag":[],"class_list":{"0":"post-1845","1":"product","2":"type-product","3":"status-publish","4":"has-post-thumbnail","6":"product_cat-odziez-robocza","8":"first","9":"instock","10":"taxable","11":"shipping-taxable","12":"purchasable","13":"product-type-simple"},"jetpack_sharing_enabled":true,"_links":{"self":[{"href":"https:\/\/wik-pol.pl\/index.php?rest_route=\/wp\/v2\/product\/1845","targetHints":{"allow":["GET"]}}],"collection":[{"href":"https:\/\/wik-pol.pl\/index.php?rest_route=\/wp\/v2\/product"}],"about":[{"href":"https:\/\/wik-pol.pl\/index.php?rest_route=\/wp\/v2\/types\/product"}],"replies":[{"embeddable":true,"href":"https:\/\/wik-pol.pl\/index.php?rest_route=%2Fwp%2Fv2%2Fcomments&post=1845"}],"wp:featuredmedia":[{"embeddable":true,"href":"https:\/\/wik-pol.pl\/index.php?rest_route=\/wp\/v2\/media\/1846"}],"wp:attachment":[{"href":"https:\/\/wik-pol.pl\/index.php?rest_route=%2Fwp%2Fv2%2Fmedia&parent=1845"}],"wp:term":[{"taxonomy":"product_brand","embeddable":true,"href":"https:\/\/wik-pol.pl\/index.php?rest_route=%2Fwp%2Fv2%2Fproduct_brand&post=1845"},{"taxonomy":"product_cat","embeddable":true,"href":"https:\/\/wik-pol.pl\/index.php?rest_route=%2Fwp%2Fv2%2Fproduct_cat&post=1845"},{"taxonomy":"product_tag","embeddable":true,"href":"https:\/\/wik-pol.pl\/index.php?rest_route=%2Fwp%2Fv2%2Fproduct_tag&post=1845"}],"curies":[{"name":"wp","href":"https:\/\/api.w.org\/{rel}","templated":true}]}}