{"id":1811,"date":"2020-10-13T14:48:22","date_gmt":"2020-10-13T12:48:22","guid":{"rendered":"https:\/\/wik-pol.pl\/?post_type=product&#038;p=1811"},"modified":"2024-01-02T17:08:02","modified_gmt":"2024-01-02T16:08:02","slug":"kurtka-przeciwdeszczowa-pvc-zolta","status":"publish","type":"product","link":"https:\/\/wik-pol.pl\/?product=kurtka-przeciwdeszczowa-pvc-zolta","title":{"rendered":"Kurtka przeciwdeszczowa PVC \u017c\u00f3\u0142ta"},"content":{"rendered":"<p style=\"text-align: center;\"><strong>KURTKA PRZECIWDESZCZOWA PVC \u017b\u00d3\u0141TA<\/strong><\/p>\n<p><strong>CE Kat. I PN-EN 13688:2013<\/strong><\/p>\n","protected":false},"excerpt":{"rendered":"<p>KURTKA PRZECIWDESZCZOWA PVC \u017b\u00d3\u0141TA CE Kat. I PN-EN 13688:2013<\/p>\n","protected":false},"featured_media":1814,"comment_status":"open","ping_status":"closed","template":"","meta":[],"product_brand":[],"product_cat":[19],"product_tag":[],"class_list":{"0":"post-1811","1":"product","2":"type-product","3":"status-publish","4":"has-post-thumbnail","6":"product_cat-odziez-robocza","8":"first","9":"instock","10":"taxable","11":"shipping-taxable","12":"purchasable","13":"product-type-variable"},"jetpack_sharing_enabled":true,"_links":{"self":[{"href":"https:\/\/wik-pol.pl\/index.php?rest_route=\/wp\/v2\/product\/1811","targetHints":{"allow":["GET"]}}],"collection":[{"href":"https:\/\/wik-pol.pl\/index.php?rest_route=\/wp\/v2\/product"}],"about":[{"href":"https:\/\/wik-pol.pl\/index.php?rest_route=\/wp\/v2\/types\/product"}],"replies":[{"embeddable":true,"href":"https:\/\/wik-pol.pl\/index.php?rest_route=%2Fwp%2Fv2%2Fcomments&post=1811"}],"wp:featuredmedia":[{"embeddable":true,"href":"https:\/\/wik-pol.pl\/index.php?rest_route=\/wp\/v2\/media\/1814"}],"wp:attachment":[{"href":"https:\/\/wik-pol.pl\/index.php?rest_route=%2Fwp%2Fv2%2Fmedia&parent=1811"}],"wp:term":[{"taxonomy":"product_brand","embeddable":true,"href":"https:\/\/wik-pol.pl\/index.php?rest_route=%2Fwp%2Fv2%2Fproduct_brand&post=1811"},{"taxonomy":"product_cat","embeddable":true,"href":"https:\/\/wik-pol.pl\/index.php?rest_route=%2Fwp%2Fv2%2Fproduct_cat&post=1811"},{"taxonomy":"product_tag","embeddable":true,"href":"https:\/\/wik-pol.pl\/index.php?rest_route=%2Fwp%2Fv2%2Fproduct_tag&post=1811"}],"curies":[{"name":"wp","href":"https:\/\/api.w.org\/{rel}","templated":true}]}}