{"id":1802,"date":"2020-10-12T20:28:39","date_gmt":"2020-10-12T18:28:39","guid":{"rendered":"https:\/\/wik-pol.pl\/?post_type=product&#038;p=1802"},"modified":"2024-01-02T17:18:10","modified_gmt":"2024-01-02T16:18:10","slug":"spodnie-bojowki-cerber-black","status":"publish","type":"product","link":"https:\/\/wik-pol.pl\/?product=spodnie-bojowki-cerber-black","title":{"rendered":"Spodnie boj\u00f3wki Cerber black"},"content":{"rendered":"<p style=\"text-align: center;\"><strong>SPODNIE BOJ\u00d3WKI CERBER BLACK<\/strong><\/p>\n<ul>\n<li>wykonane z wytrzyma\u0142ej tkaniny 65% poliestru i 35% bawe\u0142ny,<\/li>\n<li>z przeznaczeniem dla firm ochroniarskich.<\/li>\n<\/ul>\n<p><strong>Charakterystyka:<\/strong><\/p>\n<ul>\n<li>podw\u00f3jne szwy oraz rygl\u00f3wki wzmacniaj\u0105ce dodatkowo miejsca szczeg\u00f3lnie nara\u017cone na rozerwanie.<\/li>\n<li>bardzo niska kurczliwo\u015b\u0107, nawet po wielokrotnym praniu,<\/li>\n<li>stabilno\u015b\u0107 koloru<\/li>\n<li>7 kieszeni w tym 4 zamykane<\/li>\n<\/ul>\n<p>CE KAT. I EN 340:2006<\/p>\n","protected":false},"excerpt":{"rendered":"<p>SPODNIE BOJ\u00d3WKI CERBER BLACK wykonane z wytrzyma\u0142ej tkaniny 65% poliestru i 35% bawe\u0142ny, z przeznaczeniem dla firm ochroniarskich. Charakterystyka: podw\u00f3jne szwy oraz rygl\u00f3wki wzmacniaj\u0105ce dodatkowo miejsca szczeg\u00f3lnie nara\u017cone na rozerwanie. &#8230;<\/p>\n","protected":false},"featured_media":1810,"comment_status":"open","ping_status":"closed","template":"","meta":[],"product_brand":[],"product_cat":[19],"product_tag":[],"class_list":{"0":"post-1802","1":"product","2":"type-product","3":"status-publish","4":"has-post-thumbnail","6":"product_cat-odziez-robocza","8":"first","9":"instock","10":"taxable","11":"shipping-taxable","12":"purchasable","13":"product-type-variable"},"jetpack_sharing_enabled":true,"_links":{"self":[{"href":"https:\/\/wik-pol.pl\/index.php?rest_route=\/wp\/v2\/product\/1802","targetHints":{"allow":["GET"]}}],"collection":[{"href":"https:\/\/wik-pol.pl\/index.php?rest_route=\/wp\/v2\/product"}],"about":[{"href":"https:\/\/wik-pol.pl\/index.php?rest_route=\/wp\/v2\/types\/product"}],"replies":[{"embeddable":true,"href":"https:\/\/wik-pol.pl\/index.php?rest_route=%2Fwp%2Fv2%2Fcomments&post=1802"}],"wp:featuredmedia":[{"embeddable":true,"href":"https:\/\/wik-pol.pl\/index.php?rest_route=\/wp\/v2\/media\/1810"}],"wp:attachment":[{"href":"https:\/\/wik-pol.pl\/index.php?rest_route=%2Fwp%2Fv2%2Fmedia&parent=1802"}],"wp:term":[{"taxonomy":"product_brand","embeddable":true,"href":"https:\/\/wik-pol.pl\/index.php?rest_route=%2Fwp%2Fv2%2Fproduct_brand&post=1802"},{"taxonomy":"product_cat","embeddable":true,"href":"https:\/\/wik-pol.pl\/index.php?rest_route=%2Fwp%2Fv2%2Fproduct_cat&post=1802"},{"taxonomy":"product_tag","embeddable":true,"href":"https:\/\/wik-pol.pl\/index.php?rest_route=%2Fwp%2Fv2%2Fproduct_tag&post=1802"}],"curies":[{"name":"wp","href":"https:\/\/api.w.org\/{rel}","templated":true}]}}