{"id":1616,"date":"2020-09-12T14:19:07","date_gmt":"2020-09-12T12:19:07","guid":{"rendered":"https:\/\/wik-pol.pl\/?post_type=product&#038;p=1616"},"modified":"2024-01-02T15:34:58","modified_gmt":"2024-01-02T14:34:58","slug":"pellet-premium","status":"publish","type":"product","link":"https:\/\/wik-pol.pl\/?product=pellet-premium","title":{"rendered":"Pellet Premium"},"content":{"rendered":"<p style=\"text-align: center;\"><strong>PELLET PREMIUM<\/strong><\/p>\n<p><strong>\u015arednica<\/strong> &#8211;\u00a0 6 \u00b1 1.00 mm<\/p>\n<p><strong>D\u0142ugo\u015b\u0107<\/strong> &#8211;\u00a0 3.15 &lt; L &lt; 40 mm<\/p>\n<p><strong>Wilgotno\u015b\u0107<\/strong> &#8211; &lt;8%<\/p>\n<p><strong>Zawarto\u015b\u0107 popio\u0142u<\/strong> &#8211;\u00a0 0.5% &#8211; 0.7%<\/p>\n<p><strong>Warto\u015b\u0107 opa\u0142owa<\/strong> &#8211; 4,9 &#8211; 5,3 kWh\/kg<\/p>\n<p>&nbsp;<\/p>\n","protected":false},"excerpt":{"rendered":"<p style=\"text-align: center;\"><strong><em>Cena podana za ton\u0119. (1390,00 z\u0142)<\/em><\/strong><\/p>\n<p style=\"text-align: center;\"><strong>DOSTAWA DO UZGODNIENIA POD NR TEL 538 228 338<\/strong><\/p>\n","protected":false},"featured_media":2076,"comment_status":"open","ping_status":"closed","template":"","meta":[],"product_brand":[],"product_cat":[107],"product_tag":[],"class_list":{"0":"post-1616","1":"product","2":"type-product","3":"status-publish","4":"has-post-thumbnail","6":"product_cat-pellet","8":"first","9":"instock","10":"taxable","11":"shipping-taxable","12":"product-type-simple"},"jetpack_sharing_enabled":true,"_links":{"self":[{"href":"https:\/\/wik-pol.pl\/index.php?rest_route=\/wp\/v2\/product\/1616","targetHints":{"allow":["GET"]}}],"collection":[{"href":"https:\/\/wik-pol.pl\/index.php?rest_route=\/wp\/v2\/product"}],"about":[{"href":"https:\/\/wik-pol.pl\/index.php?rest_route=\/wp\/v2\/types\/product"}],"replies":[{"embeddable":true,"href":"https:\/\/wik-pol.pl\/index.php?rest_route=%2Fwp%2Fv2%2Fcomments&post=1616"}],"wp:featuredmedia":[{"embeddable":true,"href":"https:\/\/wik-pol.pl\/index.php?rest_route=\/wp\/v2\/media\/2076"}],"wp:attachment":[{"href":"https:\/\/wik-pol.pl\/index.php?rest_route=%2Fwp%2Fv2%2Fmedia&parent=1616"}],"wp:term":[{"taxonomy":"product_brand","embeddable":true,"href":"https:\/\/wik-pol.pl\/index.php?rest_route=%2Fwp%2Fv2%2Fproduct_brand&post=1616"},{"taxonomy":"product_cat","embeddable":true,"href":"https:\/\/wik-pol.pl\/index.php?rest_route=%2Fwp%2Fv2%2Fproduct_cat&post=1616"},{"taxonomy":"product_tag","embeddable":true,"href":"https:\/\/wik-pol.pl\/index.php?rest_route=%2Fwp%2Fv2%2Fproduct_tag&post=1616"}],"curies":[{"name":"wp","href":"https:\/\/api.w.org\/{rel}","templated":true}]}}