{"id":1407,"date":"2022-12-23T17:16:45","date_gmt":"2022-12-23T16:16:45","guid":{"rendered":"https:\/\/wik-pol.pl\/?post_type=product&#038;p=1407"},"modified":"2024-01-02T17:57:08","modified_gmt":"2024-01-02T16:57:08","slug":"kurtka-ostrzegawcza-flash-bi-2-zolta","status":"publish","type":"product","link":"https:\/\/wik-pol.pl\/?product=kurtka-ostrzegawcza-flash-bi-2-zolta","title":{"rendered":"Kurtka ostrzegawcza Flash Bi 2 \u017c\u00f3\u0142ta"},"content":{"rendered":"<p style=\"text-align: center;\"><strong>KURTKA OSTRZEGAWCZA FLASH BI 2 \u017b\u00d3\u0141TA<\/strong><\/p>\n<ul>\n<li>ocieplana kurtka odblaskowa, wykonana z wodoodpornego materia\u0142u Oxford 300D poliester w kolorze fluorescencyjnym, od wewn\u0105trz pokrytego pow\u0142ok\u0105 PU.<\/li>\n<li>poliestrowa pikowana podszewka.<\/li>\n<li>wygodna, niekr\u0119puj\u0105ca ruch\u00f3w, ocieplana, o wysokiej widoczno\u015bci w atrakcyjnym nowoczesnym wzornictwie.<\/li>\n<li>doskona\u0142a do prac wymagaj\u0105cych podwy\u017cszonej widoczno\u015bci u\u017cytkownika w ch\u0142odnych warunkach atmosferycznych.<\/li>\n<li>naszyte pasy odblaskowe na torsie i r\u0119kawach,<\/li>\n<li>zapinana na suwak, kryty listw\u0105 z napami,<\/li>\n<li>r\u0119kawy\u00a0wewn\u0105trz zako\u0144czone \u015bci\u0105gaczem, chroni\u0105cym przed wiatrem,<\/li>\n<li>regulacja do\u0142u kurtki z pomoc\u0105 sznurk\u00f3w i stoper\u00f3w,<\/li>\n<li>kaptur chowany w st\u00f3jce, \u015bci\u0105gany za pomoc\u0105 troczk\u00f3w,<\/li>\n<li>ko\u0142nierz &#8211; wysoka st\u00f3jka od wewn\u0105trz wyko\u0144czona mi\u0119kkim polarem,<\/li>\n<li>2 kieszenie zewn\u0119trzne zamykane na klapy z rzepem,<\/li>\n<li>1 kiesze\u0144 wewn\u0119trzna.<\/li>\n<li>Kolor:\u00a0\u017c\u00f3\u0142ty fluorescencyjny z odblaskowymi pasami i czarnymi wstawkami<\/li>\n<li>CE Kat.I EN ISO 13688:2013<\/li>\n<\/ul>\n","protected":false},"excerpt":{"rendered":"<p>KURTKA OSTRZEGAWCZA FLASH BI 2 \u017b\u00d3\u0141TA ocieplana kurtka odblaskowa, wykonana z wodoodpornego materia\u0142u Oxford 300D poliester w kolorze fluorescencyjnym, od wewn\u0105trz pokrytego pow\u0142ok\u0105 PU. poliestrowa pikowana podszewka. wygodna, niekr\u0119puj\u0105ca ruch\u00f3w, &#8230;<\/p>\n","protected":false},"featured_media":1412,"comment_status":"open","ping_status":"closed","template":"","meta":[],"product_brand":[],"product_cat":[134,19],"product_tag":[],"class_list":{"0":"post-1407","1":"product","2":"type-product","3":"status-publish","4":"has-post-thumbnail","6":"product_cat-promocje-2024","7":"product_cat-odziez-robocza","9":"first","10":"instock","11":"sale","12":"taxable","13":"shipping-taxable","14":"purchasable","15":"product-type-variable"},"jetpack_sharing_enabled":true,"_links":{"self":[{"href":"https:\/\/wik-pol.pl\/index.php?rest_route=\/wp\/v2\/product\/1407","targetHints":{"allow":["GET"]}}],"collection":[{"href":"https:\/\/wik-pol.pl\/index.php?rest_route=\/wp\/v2\/product"}],"about":[{"href":"https:\/\/wik-pol.pl\/index.php?rest_route=\/wp\/v2\/types\/product"}],"replies":[{"embeddable":true,"href":"https:\/\/wik-pol.pl\/index.php?rest_route=%2Fwp%2Fv2%2Fcomments&post=1407"}],"wp:featuredmedia":[{"embeddable":true,"href":"https:\/\/wik-pol.pl\/index.php?rest_route=\/wp\/v2\/media\/1412"}],"wp:attachment":[{"href":"https:\/\/wik-pol.pl\/index.php?rest_route=%2Fwp%2Fv2%2Fmedia&parent=1407"}],"wp:term":[{"taxonomy":"product_brand","embeddable":true,"href":"https:\/\/wik-pol.pl\/index.php?rest_route=%2Fwp%2Fv2%2Fproduct_brand&post=1407"},{"taxonomy":"product_cat","embeddable":true,"href":"https:\/\/wik-pol.pl\/index.php?rest_route=%2Fwp%2Fv2%2Fproduct_cat&post=1407"},{"taxonomy":"product_tag","embeddable":true,"href":"https:\/\/wik-pol.pl\/index.php?rest_route=%2Fwp%2Fv2%2Fproduct_tag&post=1407"}],"curies":[{"name":"wp","href":"https:\/\/api.w.org\/{rel}","templated":true}]}}