{"id":1367,"date":"2020-07-14T17:37:21","date_gmt":"2020-07-14T15:37:21","guid":{"rendered":"https:\/\/wik-pol.pl\/?post_type=product&#038;p=1367"},"modified":"2024-01-02T17:35:02","modified_gmt":"2024-01-02T16:35:02","slug":"spodnie-do-ogrodniczki-procotton-szare","status":"publish","type":"product","link":"https:\/\/wik-pol.pl\/?product=spodnie-do-ogrodniczki-procotton-szare","title":{"rendered":"Spodnie do ogrodniczki ProCotton szare"},"content":{"rendered":"<p style=\"text-align: center;\"><strong>SPODNIE DO OGRODNICZKI PROCOTTON SZARE<\/strong><\/p>\n<p>Spodnie ogrodniczki \u2013 atrakcyjne wzornictwo, doskona\u0142a funkcjonalno\u015b\u0107 i du\u017cy komfort u\u017cytkowania.<\/p>\n<p>Wykonane z wysokiej jako\u015bci wytrzyma\u0142ej tkaniny &#8211;<strong>\u00a0100 % bawe\u0142na o gramaturze 280<\/strong><strong>+\/-10 g\/m<\/strong><sup><strong>2<\/strong><\/sup>\u00a0w kolorze grafitowym z szarymi wstawkami.<\/p>\n<p><strong>Charakterystyka:<\/strong><\/p>\n<ul>\n<li>tkanina zapewnia doskona\u0142y komfort pracy oraz wentylacj\u0119,<\/li>\n<li>profesjonalne szycie i estetyka wykonania,<\/li>\n<li>podw\u00f3jne szwy oraz liczne solidne rygl\u00f3wki wzmacniaj\u0105ce dodatkowo miejsca szczeg\u00f3lnie nara\u017cone na rozerwanie,<\/li>\n<li>6 kieszeni w tym 3 zamykane na patk\u0119 zapinan\u0105 na rzep, dodatkowa kiesze\u0144 na metr\u00f3wk\u0119,<\/li>\n<li>2 naszyte kieszenie kolanowe pozwalaj\u0105ce na zastosowanie wymiennych nakolannik\u00f3w,<\/li>\n<li>stabilno\u015b\u0107 rozmiar\u00f3w oraz\u00a0 koloru po wielokrotnym praniu.<\/li>\n<\/ul>\n<p>Art.Master \u2013 znak firmowy<\/p>\n<p><strong>CE Kat.I\u00a0, PN-EN ISO 13688:2013 \u2013 opakowanie zbiorcze 1\/20<\/strong><\/p>\n","protected":false},"excerpt":{"rendered":"<p>SPODNIE DO OGRODNICZKI PROCOTTON SZARE Spodnie ogrodniczki \u2013 atrakcyjne wzornictwo, doskona\u0142a funkcjonalno\u015b\u0107 i du\u017cy komfort u\u017cytkowania. Wykonane z wysokiej jako\u015bci wytrzyma\u0142ej tkaniny &#8211;\u00a0100 % bawe\u0142na o gramaturze 280+\/-10 g\/m2\u00a0w kolorze &#8230;<\/p>\n","protected":false},"featured_media":1368,"comment_status":"open","ping_status":"closed","template":"","meta":[],"product_brand":[],"product_cat":[19],"product_tag":[],"class_list":{"0":"post-1367","1":"product","2":"type-product","3":"status-publish","4":"has-post-thumbnail","6":"product_cat-odziez-robocza","8":"first","9":"instock","10":"taxable","11":"shipping-taxable","12":"purchasable","13":"product-type-variable"},"jetpack_sharing_enabled":true,"_links":{"self":[{"href":"https:\/\/wik-pol.pl\/index.php?rest_route=\/wp\/v2\/product\/1367","targetHints":{"allow":["GET"]}}],"collection":[{"href":"https:\/\/wik-pol.pl\/index.php?rest_route=\/wp\/v2\/product"}],"about":[{"href":"https:\/\/wik-pol.pl\/index.php?rest_route=\/wp\/v2\/types\/product"}],"replies":[{"embeddable":true,"href":"https:\/\/wik-pol.pl\/index.php?rest_route=%2Fwp%2Fv2%2Fcomments&post=1367"}],"wp:featuredmedia":[{"embeddable":true,"href":"https:\/\/wik-pol.pl\/index.php?rest_route=\/wp\/v2\/media\/1368"}],"wp:attachment":[{"href":"https:\/\/wik-pol.pl\/index.php?rest_route=%2Fwp%2Fv2%2Fmedia&parent=1367"}],"wp:term":[{"taxonomy":"product_brand","embeddable":true,"href":"https:\/\/wik-pol.pl\/index.php?rest_route=%2Fwp%2Fv2%2Fproduct_brand&post=1367"},{"taxonomy":"product_cat","embeddable":true,"href":"https:\/\/wik-pol.pl\/index.php?rest_route=%2Fwp%2Fv2%2Fproduct_cat&post=1367"},{"taxonomy":"product_tag","embeddable":true,"href":"https:\/\/wik-pol.pl\/index.php?rest_route=%2Fwp%2Fv2%2Fproduct_tag&post=1367"}],"curies":[{"name":"wp","href":"https:\/\/api.w.org\/{rel}","templated":true}]}}