{"id":1323,"date":"2022-12-23T17:16:45","date_gmt":"2022-12-23T16:16:45","guid":{"rendered":"https:\/\/wik-pol.pl\/?post_type=product&#038;p=1323"},"modified":"2024-01-02T16:18:07","modified_gmt":"2024-01-02T15:18:07","slug":"helm-lekki-bumpcap","status":"publish","type":"product","link":"https:\/\/wik-pol.pl\/?product=helm-lekki-bumpcap","title":{"rendered":"He\u0142m lekki BumpCap"},"content":{"rendered":"<p style=\"text-align: center;\"><strong>HE\u0141M LEKKI BUMPCAP<\/strong><\/p>\n<ul>\n<li>przemys\u0142owy he\u0142m lekki przeznaczony do ochrony u\u017cytkownika przed skutkami uderze\u0144 g\u0142ow\u0105,<\/li>\n<li>o twarde sta\u0142e przedmioty o okre\u015blonej ostro\u015bci, kt\u00f3re mog\u0105 spowodowa\u0107 uszkodzenia lub inne<\/li>\n<li>urazy powierzchniowe,<\/li>\n<li>skorupa he\u0142mu wykonana jest z tworzywa abs,<\/li>\n<li>materia\u0142 wierzchni 100% poliester,<\/li>\n<li>sztywny, wyprofilowany daszek chroni\u0105cy przed \u015bwiat\u0142em,<\/li>\n<li>po bokach znajduj\u0105 si\u0119 otwory wentylacyjne zwi\u0119kszaj\u0105ce przewiewno\u015b\u0107 i komfort u\u017cytkowania,<\/li>\n<li>wygodna regulacja obwodu he\u0142mu przy pomocy paska zapinanego na rzep umo\u017cliwiaj\u0105ca,<\/li>\n<li>dopasowanie wielko\u015bci he\u0142mu do obwodu g\u0142owy,<\/li>\n<li>he\u0142m przeznaczony do ochrony g\u00f3rnej cz\u0119\u015bci g\u0142owy przed uderzeniem g\u0142ow\u0105 o twarde, nieruchome przedmioty,<\/li>\n<li>zakres u\u017cycia ograniczany jest z regu\u0142y do u\u017cytkowania wewn\u0105trz obiekt\u00f3w.<\/li>\n<li>dost\u0119pne kolory: czarny, czerwony, granatowy,<\/li>\n<li>CE KAT. II EN 812:2012<\/li>\n<\/ul>\n","protected":false},"excerpt":{"rendered":"<p>HE\u0141M LEKKI BUMPCAP przemys\u0142owy he\u0142m lekki przeznaczony do ochrony u\u017cytkownika przed skutkami uderze\u0144 g\u0142ow\u0105, o twarde sta\u0142e przedmioty o okre\u015blonej ostro\u015bci, kt\u00f3re mog\u0105 spowodowa\u0107 uszkodzenia lub inne urazy powierzchniowe, skorupa &#8230;<\/p>\n","protected":false},"featured_media":1322,"comment_status":"open","ping_status":"closed","template":"","meta":[],"product_brand":[],"product_cat":[19],"product_tag":[],"class_list":{"0":"post-1323","1":"product","2":"type-product","3":"status-publish","4":"has-post-thumbnail","6":"product_cat-odziez-robocza","8":"first","9":"instock","10":"taxable","11":"shipping-taxable","12":"purchasable","13":"product-type-variable"},"jetpack_sharing_enabled":true,"_links":{"self":[{"href":"https:\/\/wik-pol.pl\/index.php?rest_route=\/wp\/v2\/product\/1323","targetHints":{"allow":["GET"]}}],"collection":[{"href":"https:\/\/wik-pol.pl\/index.php?rest_route=\/wp\/v2\/product"}],"about":[{"href":"https:\/\/wik-pol.pl\/index.php?rest_route=\/wp\/v2\/types\/product"}],"replies":[{"embeddable":true,"href":"https:\/\/wik-pol.pl\/index.php?rest_route=%2Fwp%2Fv2%2Fcomments&post=1323"}],"wp:featuredmedia":[{"embeddable":true,"href":"https:\/\/wik-pol.pl\/index.php?rest_route=\/wp\/v2\/media\/1322"}],"wp:attachment":[{"href":"https:\/\/wik-pol.pl\/index.php?rest_route=%2Fwp%2Fv2%2Fmedia&parent=1323"}],"wp:term":[{"taxonomy":"product_brand","embeddable":true,"href":"https:\/\/wik-pol.pl\/index.php?rest_route=%2Fwp%2Fv2%2Fproduct_brand&post=1323"},{"taxonomy":"product_cat","embeddable":true,"href":"https:\/\/wik-pol.pl\/index.php?rest_route=%2Fwp%2Fv2%2Fproduct_cat&post=1323"},{"taxonomy":"product_tag","embeddable":true,"href":"https:\/\/wik-pol.pl\/index.php?rest_route=%2Fwp%2Fv2%2Fproduct_tag&post=1323"}],"curies":[{"name":"wp","href":"https:\/\/api.w.org\/{rel}","templated":true}]}}