{"id":1314,"date":"2020-07-13T23:31:00","date_gmt":"2020-07-13T21:31:00","guid":{"rendered":"https:\/\/wik-pol.pl\/?post_type=product&#038;p=1314"},"modified":"2022-12-23T17:16:48","modified_gmt":"2022-12-23T16:16:48","slug":"czapka-classic","status":"publish","type":"product","link":"https:\/\/wik-pol.pl\/?product=czapka-classic","title":{"rendered":"Czapka Classic"},"content":{"rendered":"<p style=\"text-align: center;\"><strong>CZAPKA CLASSIC<\/strong><\/p>\n<ul>\n<li>czapka z daszkiem, typu baseballowa, 6 &#8211; panelowa o wyj\u0105tkowo atrakcyjnym wzornictwie i wyr\u00f3\u017cniaj\u0105cym si\u0119 designem,<\/li>\n<li>wykonana z tkaniny o sk\u0142adzie 100% bawe\u0142na, w zwi\u0105zku z tym czapka ma wi\u0119ksz\u0105 cyrkulacj\u0119 powietrza,<\/li>\n<li>dodatkowo czapka posiada obszyte transpiratory powietrza (otwory wentylacyjne),<\/li>\n<li>daszek oraz prz\u00f3d czapki s\u0105 usztywnione, zapewnia to niezmienny wygl\u0105d przez d\u0142ugi czas u\u017cytkowania,<\/li>\n<li>zapi\u0119cie na klamr\u0119 metalow\u0105 z regulacj\u0105 obwodu g\u0142owy.<\/li>\n<\/ul>\n","protected":false},"excerpt":{"rendered":"<p>CZAPKA CLASSIC czapka z daszkiem, typu baseballowa, 6 &#8211; panelowa o wyj\u0105tkowo atrakcyjnym wzornictwie i wyr\u00f3\u017cniaj\u0105cym si\u0119 designem, wykonana z tkaniny o sk\u0142adzie 100% bawe\u0142na, w zwi\u0105zku z tym czapka &#8230;<\/p>\n","protected":false},"featured_media":1321,"comment_status":"open","ping_status":"closed","template":"","meta":[],"product_brand":[],"product_cat":[19],"product_tag":[],"class_list":{"0":"post-1314","1":"product","2":"type-product","3":"status-publish","4":"has-post-thumbnail","6":"product_cat-odziez-robocza","8":"first","9":"instock","10":"taxable","11":"shipping-taxable","12":"purchasable","13":"product-type-simple"},"jetpack_sharing_enabled":true,"_links":{"self":[{"href":"https:\/\/wik-pol.pl\/index.php?rest_route=\/wp\/v2\/product\/1314","targetHints":{"allow":["GET"]}}],"collection":[{"href":"https:\/\/wik-pol.pl\/index.php?rest_route=\/wp\/v2\/product"}],"about":[{"href":"https:\/\/wik-pol.pl\/index.php?rest_route=\/wp\/v2\/types\/product"}],"replies":[{"embeddable":true,"href":"https:\/\/wik-pol.pl\/index.php?rest_route=%2Fwp%2Fv2%2Fcomments&post=1314"}],"wp:featuredmedia":[{"embeddable":true,"href":"https:\/\/wik-pol.pl\/index.php?rest_route=\/wp\/v2\/media\/1321"}],"wp:attachment":[{"href":"https:\/\/wik-pol.pl\/index.php?rest_route=%2Fwp%2Fv2%2Fmedia&parent=1314"}],"wp:term":[{"taxonomy":"product_brand","embeddable":true,"href":"https:\/\/wik-pol.pl\/index.php?rest_route=%2Fwp%2Fv2%2Fproduct_brand&post=1314"},{"taxonomy":"product_cat","embeddable":true,"href":"https:\/\/wik-pol.pl\/index.php?rest_route=%2Fwp%2Fv2%2Fproduct_cat&post=1314"},{"taxonomy":"product_tag","embeddable":true,"href":"https:\/\/wik-pol.pl\/index.php?rest_route=%2Fwp%2Fv2%2Fproduct_tag&post=1314"}],"curies":[{"name":"wp","href":"https:\/\/api.w.org\/{rel}","templated":true}]}}