{"id":1261,"date":"2020-07-07T18:43:12","date_gmt":"2020-07-07T16:43:12","guid":{"rendered":"https:\/\/wik-pol.pl\/?post_type=product&#038;p=1261"},"modified":"2024-01-02T17:33:15","modified_gmt":"2024-01-02T16:33:15","slug":"polar-ref-orange","status":"publish","type":"product","link":"https:\/\/wik-pol.pl\/?product=polar-ref-orange","title":{"rendered":"Polar Ref Orange"},"content":{"rendered":"<p style=\"text-align: center;\"><strong>POLAR REF ORANGE<\/strong><\/p>\n<div class=\"col-lg-7 col-md-6 col-sm-6 col-12\">\n<div id=\"nav-tabContent\" class=\"tab-content\">\n<div id=\"nav-text\" class=\"tab-pane fade show active\" role=\"tabpanel\" aria-labelledby=\"nav-text-tab\">\n<ul>\n<li>fluorescencyjna bluza polarowa,<\/li>\n<li>gruba &#8211; o wysokiej gramaturze 400g\/m2,<\/li>\n<li>wykonana z 100% poliestru,<\/li>\n<li>naszyte pasy odblaskowe na torsie i r\u0119kawach,<\/li>\n<li>zapinana na suwak,<\/li>\n<li>r\u0119kaw zako\u0144czony gumk\u0105 &#8211; ogranicza to przedostawanie si\u0119 ch\u0142odnego powietrza pod sp\u00f3d,<\/li>\n<li>d\u00f3\u0142 bluzy regulowany za pomoc\u0105 elastycznego sznurka,<\/li>\n<li>ko\u0142nierz &#8211; wysoka st\u00f3jka,<\/li>\n<li>2 kieszenie zewn\u0119trzne zamykane na suwak,<\/li>\n<li>doskona\u0142a do prac wymagaj\u0105cych podwy\u017cszonej widoczno\u015bci u\u017cytkownika,<\/li>\n<li>kolor: pomara\u0144czowy fluorescencyjny z pasami odblaskowymi i czarnymi wstawkami,<\/li>\n<li>dost\u0119pne rozmiary: XXL,<\/li>\n<li>CE KAT. 1 EN ISO 13688:2013.<\/li>\n<\/ul>\n<\/div>\n<\/div>\n<\/div>\n","protected":false},"excerpt":{"rendered":"<p>POLAR REF ORANGE fluorescencyjna bluza polarowa, gruba &#8211; o wysokiej gramaturze 400g\/m2, wykonana z 100% poliestru, naszyte pasy odblaskowe na torsie i r\u0119kawach, zapinana na suwak, r\u0119kaw zako\u0144czony gumk\u0105 &#8211; &#8230;<\/p>\n","protected":false},"featured_media":1259,"comment_status":"open","ping_status":"closed","template":"","meta":[],"product_brand":[],"product_cat":[19],"product_tag":[],"class_list":{"0":"post-1261","1":"product","2":"type-product","3":"status-publish","4":"has-post-thumbnail","6":"product_cat-odziez-robocza","8":"first","9":"instock","10":"taxable","11":"shipping-taxable","12":"purchasable","13":"product-type-variable"},"jetpack_sharing_enabled":true,"_links":{"self":[{"href":"https:\/\/wik-pol.pl\/index.php?rest_route=\/wp\/v2\/product\/1261","targetHints":{"allow":["GET"]}}],"collection":[{"href":"https:\/\/wik-pol.pl\/index.php?rest_route=\/wp\/v2\/product"}],"about":[{"href":"https:\/\/wik-pol.pl\/index.php?rest_route=\/wp\/v2\/types\/product"}],"replies":[{"embeddable":true,"href":"https:\/\/wik-pol.pl\/index.php?rest_route=%2Fwp%2Fv2%2Fcomments&post=1261"}],"wp:featuredmedia":[{"embeddable":true,"href":"https:\/\/wik-pol.pl\/index.php?rest_route=\/wp\/v2\/media\/1259"}],"wp:attachment":[{"href":"https:\/\/wik-pol.pl\/index.php?rest_route=%2Fwp%2Fv2%2Fmedia&parent=1261"}],"wp:term":[{"taxonomy":"product_brand","embeddable":true,"href":"https:\/\/wik-pol.pl\/index.php?rest_route=%2Fwp%2Fv2%2Fproduct_brand&post=1261"},{"taxonomy":"product_cat","embeddable":true,"href":"https:\/\/wik-pol.pl\/index.php?rest_route=%2Fwp%2Fv2%2Fproduct_cat&post=1261"},{"taxonomy":"product_tag","embeddable":true,"href":"https:\/\/wik-pol.pl\/index.php?rest_route=%2Fwp%2Fv2%2Fproduct_tag&post=1261"}],"curies":[{"name":"wp","href":"https:\/\/api.w.org\/{rel}","templated":true}]}}