{"id":505,"date":"2020-06-20T12:21:22","date_gmt":"2020-06-20T10:21:22","guid":{"rendered":"https:\/\/wik-pol.pl\/?page_id=505"},"modified":"2021-04-02T14:27:14","modified_gmt":"2021-04-02T12:27:14","slug":"polityka-prywatnosci-2","status":"publish","type":"page","link":"https:\/\/wik-pol.pl\/?page_id=505","title":{"rendered":"Polityka prywatno\u015bci"},"content":{"rendered":"\n<h3 class=\"has-text-align-center wp-block-heading\"><strong>POLITYKA PRYWATNO\u015aCI &#8211; RODO<\/strong><\/h3>\n\n\n\n<h3 class=\"has-text-align-center wp-block-heading\">wik-pol.pl<\/h3>\n\n\n\n<p class=\"has-text-align-center\">INFORMACJE PODSTAWOWE O RODO<\/p>\n\n\n\n<p class=\"has-text-align-left\"><br>Od 25.05.2018 wchodzi w \u017cycie RODO. To <strong>Rozporz\u0105dzenia Parlamentu Europejskiego i Rady (UE) 2016\/679 z dnia 27 kwietnia 2016 r<\/strong>. W sprawie ochrony os\u00f3b fizycznych w zwi\u0105zku z przetwarzaniem danych osobowych i w sprawie swobodnego przep\u0142ywu takich danych oraz uchylenia dyrektywy 95\/46\/WE (og\u00f3lne rozporz\u0105dzenie o ochronie danych).<\/p>\n\n\n\n<p class=\"has-text-align-left\"><br>Wbrew powszechnym opiniom i z\u0142owieszczym zapowiedziom RODO to bardzo czytelne<br>i po\u017cyteczne prawo, kt\u00f3re robi porz\u0105dek w administrowaniu i przetwarzaniu danych osobowych, ujednolicaj\u0105c zasady przetwarzania danych dla ca\u0142ej UE. Dotyczy to r\u00f3wnie\u017c podmiot\u00f3w spoza Unii, kt\u00f3re gromadz\u0105 i przetwarzaj\u0105 dane obywateli Unii.<\/p>\n\n\n\n<p class=\"has-text-align-left\"><br>G\u0142\u00f3wne za\u0142o\u017cenie RODO dostosowanie prawa do zmieniaj\u0105cego si\u0119 \u015bwiata, wszechobecnej cyfryzacji i wszechobecnego gromadzenia danych, o ka\u017cdym z nas. RODO na marketer\u00f3w gromadz\u0105cych dane osobowe nak\u0142ada szereg nowych obowi\u0105zk\u00f3w, co nie oznacza, \u017ce zgody udzielone przed 25.05.2018r. trac\u0105 wa\u017cno\u015b\u0107.<\/p>\n\n\n\n<p><strong>Drogi U\u017cytkowniku!<\/strong><\/p>\n\n\n\n<p><br>Dbamy o Twoj\u0105 prywatno\u015b\u0107 i chcemy, aby\u015b w czasie korzystania z naszych us\u0142ug czu\u0142 si\u0119 komfortowo. Dlatego te\u017c poni\u017cej prezentujemy Ci najwa\u017cniejsze informacje o zasadach przetwarzania przez nas Twoich danych osobowych oraz plikach cookies, kt\u00f3re s\u0105 wykorzystywane przez nasz Sklep. Informacje te zosta\u0142y przygotowane z uwzgl\u0119dnieniem RODO, czyli og\u00f3lnego rozporz\u0105dzenia o ochronie danych.<\/p>\n\n\n\n<p class=\"has-text-align-center\">ADMINISTRATOR DANYCH OSOBOWYCH<\/p>\n\n\n\n<p class=\"has-text-align-center\"><br>Administratorem Twoich danych osobowych jest :<br>Firma Handlowo &#8211; Us\u0142ugowa &#8222;WIK-POL&#8221; Wies\u0142aw Wasik<br>Kielecka 22, 26-065 Micig\u00f3zd<br>NIP: 9591031243 Regon: 260461610 Adres email firmy: <a href=\"mailto:biuro@wik-pol.pl\">biuro@wik-pol.pl<\/a><br>Telefon kontaktowy: 538228338<\/p>\n\n\n\n<p class=\"has-text-align-center\">DANE OSOBOWE I PRYWATNO\u015a\u0106<\/p>\n\n\n\n<p class=\"has-text-align-left\"><br>Je\u015bli zamierzasz za\u0142o\u017cy\u0107 konto U\u017cytkownika oraz korzysta\u0107 z naszych us\u0142ug, zostaniesz poproszony o podanie nam Twoich danych osobowych. Twoje dane przetwarzane s\u0105 przez nas we wskazanych poni\u017cej celach, zwi\u0105zanych z funkcjonowaniem Sklepu i \u015bwiadczeniem us\u0142ug w nim oferowanych (\u201eUs\u0142ugi\u201d). Us\u0142ugi te mog\u0105 polega\u0107 m.in. na prowadzeniu Twojego konta.<\/p>\n\n\n\n<p class=\"has-text-align-left\"><strong>Cel przetwarzania:<\/strong><\/p>\n\n\n\n<p class=\"has-text-align-left\">W zale\u017cno\u015bci od tego, na co si\u0119 zdecydujesz, mo\u017ce to by\u0107:<\/p>\n\n\n\n<ul class=\"wp-block-list\"><li>\u015bwiadczenie us\u0142ug oferowanych w Sklepie, np. us\u0142ugi prowadzenia konta,<\/li><li>realizacja Twoich zam\u00f3wie\u0144,<\/li><li>marketing bezpo\u015bredni, mog\u0105cy polega\u0107 na wy\u015bwietlaniu ostatnio ogl\u0105danych produkt\u00f3w.<\/li><\/ul>\n\n\n\n<p><strong>Podstawa przetwarzania danych:<\/strong><\/p>\n\n\n\n<ul class=\"wp-block-list\"><li>W zale\u017cno\u015bci od podejmowanych przez Ciebie czynno\u015bci, mog\u0105 to by\u0107:<\/li><li>umowa o \u015bwiadczenie us\u0142ug lub dzia\u0142ania podejmowane na Twoje \u017c\u0105danie, zmierzaj\u0105ce do jej zawarcia (art. 6 ust. 1 lit. b RODO),<\/li><li>umowa sprzeda\u017cy (art. 6 ust. 1 lit. b RODO),<\/li><li>ci\u0105\u017c\u0105cy na nas obowi\u0105zek prawny, np. zwi\u0105zany z rachunkowo\u015bci\u0105 (art. 6 ust. 1 lit. c RODO),<\/li><li>Twoja zgoda wyra\u017cona w Sklepie \u2013 je\u015bli zdecydujesz si\u0119 na jej wyra\u017cenie (art. 6 ust. 1 lit. a RODO),<\/li><li>nasz prawnie uzasadniony interes, polegaj\u0105cy na przetwarzaniu w celu ustalenia, dochodzenia lub obrony ewentualnych roszcze\u0144 (art. 6 ust. 1 lit. f RODO),<\/li><li>nasz prawnie uzasadniony interes, polegaj\u0105cy na zbieraniu opinii o zakupach w naszym sklepie na portalach z opiniami i por\u00f3wnywarkach cenowych (art. 6 ust. 1 lit. f RODO).<\/li><\/ul>\n\n\n\n<p><strong>Podanie danych:<\/strong><\/p>\n\n\n\n<p><br>Dobrowolne, ale w niekt\u00f3rych przypadkach mo\u017ce by\u0107 konieczne do zawarcia umowy<\/p>\n\n\n\n<p><br><strong>Skutek niepodania danych:<\/strong><\/p>\n\n\n\n<p><br>W zale\u017cno\u015bci od celu, w jakim dane s\u0105 podawane:<\/p>\n\n\n\n<ul class=\"wp-block-list\"><li>brak mo\u017cliwo\u015bci zarejestrowania si\u0119 w Sklepie,<\/li><li>brak mo\u017cliwo\u015bci korzystania z us\u0142ug Sklepu,<\/li><li>brak mo\u017cliwo\u015bci dokonania zakup\u00f3w w Sklepie,<\/li><li>brak mo\u017cliwo\u015bci wy\u015bwietlania dopasowanych do Ciebie tre\u015bci reklamowych.<\/li><\/ul>\n\n\n\n<p><strong>Mo\u017cliwo\u015b\u0107 cofni\u0119cia zgody:<\/strong><\/p>\n\n\n\n<ul class=\"wp-block-list\"><li>w ka\u017cdej chwili<\/li><li>Przetwarzanie danych do momentu cofni\u0119cia przez Ciebie zgody pozostaje zgodne z prawem.<\/li><\/ul>\n\n\n\n<p class=\"has-text-align-center\">ZAMIESZCZANIE TRE\u015aCI W SERWISIE<\/p>\n\n\n\n<p><br>Je\u015bli zdecydujesz si\u0119 zostawi\u0107 opini\u0119 w Sklepie &#8211; jej tre\u015b\u0107 oraz Twoje imi\u0119 i nazwisko (je\u015bli je podasz) mog\u0105 zosta\u0107 opublikowane w Sklepie. To samo dotyczy innych tre\u015bci, kt\u00f3re publikujesz w Sklepie.<\/p>\n\n\n\n<p class=\"has-text-align-center\">OKRES PRZETWARZANIA<\/p>\n\n\n\n<p><br>Twoje dane b\u0119dziemy przetwarza\u0107 tylko przez okres, w kt\u00f3rym b\u0119dziemy mie\u0107 ku temu podstaw\u0119 prawn\u0105, a wi\u0119c do momentu, w kt\u00f3rym:<\/p>\n\n\n\n<ul class=\"wp-block-list\"><li>przestanie ci\u0105\u017cy\u0107 na nas obowi\u0105zek prawny, zobowi\u0105zuj\u0105cy nas do przetwarzania Twoich danych (zw\u0142aszcza zwi\u0105zany z rachunkowo\u015bci\u0105) lub<\/li><li>ustanie mo\u017cliwo\u015b\u0107 ustalania, dochodzenia lub obrony roszcze\u0144 zwi\u0105zanych z umow\u0105 zawart\u0105 przez Sklep przez ka\u017cd\u0105 ze stron lub<\/li><li>zostanie przyj\u0119ty Tw\u00f3j sprzeciw wobec przetwarzania Twoich danych osobowych \u2013 w przypadku, gdy podstaw\u0105 przetwarzania Twoich danych by\u0142 uzasadniony interes administratora lub dane by\u0142y przetwarzane w celu marketingu bezpo\u015bredniego lub<\/li><li>cofniesz zgod\u0119 na przetwarzanie danych, je\u015bli to ona by\u0142a jego podstaw\u0105<\/li><li>w zale\u017cno\u015bci od tego, co ma zastosowanie w danym przypadku i co nast\u0105pi najp\u00f3\u017aniej.<\/li><\/ul>\n\n\n\n<p class=\"has-text-align-center\">BEZPIECZE\u0143STWO DANYCH<\/p>\n\n\n\n<p><br>Przetwarzaj\u0105c Twoje dane osobowe stosujemy \u015brodki organizacyjne i techniczne zgodne z w\u0142a\u015bciwymi przepisami prawa, w tym stosujemy szyfrowanie po\u0142\u0105czenia za pomoc\u0105 certyfikatu SSL.<\/p>\n\n\n\n<p class=\"has-text-align-center\">TWOJE UPRAWNIENIA<\/p>\n\n\n\n<p>Ponadto przys\u0142uguje Ci prawo \u017c\u0105dania:<\/p>\n\n\n\n<p><br>\u2022 dost\u0119pu do Twoich danych osobowych,<br>\u2022 ich sprostowania,<br>\u2022 usuni\u0119cia lub ograniczenia przetwarzania,<br>\u2022 \u017c\u0105dania przeniesienia danych do innego administratora.<br><\/p>\n\n\n\n<p>A tak\u017ce prawo:<\/p>\n\n\n\n<p><br>wniesienia w dowolnym momencie sprzeciwu wobec przetwarzania Twoich danych:<\/p>\n\n\n\n<ul class=\"wp-block-list\"><li>z przyczyn zwi\u0105zanych z Twoj\u0105 szczeg\u00f3ln\u0105 sytuacj\u0105 \u2013 wobec przetwarzania dotycz\u0105cych Ciebie danych osobowych, opartego na art. 6 ust. 1 lit. f RODO (tj. na prawnie uzasadnionych interesach realizowanych przez administratora),<\/li><\/ul>\n\n\n\n<ul class=\"wp-block-list\"><li>je\u017celi dane osobowe s\u0105 przetwarzane na potrzeby marketingu bezpo\u015bredniego, w zakresie, w jakim przetwarzanie jest zwi\u0105zane z takim marketingiem bezpo\u015brednim.<\/li><li>Skontaktuj si\u0119 z nami, je\u015bli chcesz skorzysta\u0107 ze swoich praw.<\/li><li>Je\u015bli uznasz, \u017ce Twoje dane s\u0105 przetwarzane niezgodnie z prawem, mo\u017cesz z\u0142o\u017cy\u0107 skarg\u0119 do organu nadzorczego.<\/li><\/ul>\n\n\n\n<p class=\"has-text-align-center\">COOKIES<\/p>\n\n\n\n<p class=\"has-text-align-left\">Nasz Sklep, jak wi\u0119kszo\u015b\u0107 witryn internetowych, korzysta z tzw. plik\u00f3w cookies (ciasteczek).<\/p>\n\n\n\n<p class=\"has-text-align-left\">Pliki te:<\/p>\n\n\n\n<p class=\"has-text-align-left\"><br>\u2022 s\u0105 zapisywane w pami\u0119ci Twojego urz\u0105dzenia (komputera, telefonu, itd.);<br>\u2022 umo\u017cliwiaj\u0105 Ci, m.in., korzystanie ze wszystkich funkcji Sklepu;<br>\u2022 nie powoduj\u0105 zmian w ustawieniach Twojego urz\u0105dzenia.<\/p>\n\n\n\n<p class=\"has-text-align-left\"><br>Korzystaj\u0105c z odpowiednich opcji Twojej przegl\u0105darki, w ka\u017cdej chwili mo\u017cesz:<\/p>\n\n\n\n<p class=\"has-text-align-left\"><br>\u2022 usun\u0105\u0107 pliki cookies,<br>\u2022 blokowa\u0107 wykorzystanie plik\u00f3w cookies w przysz\u0142o\u015bci.<\/p>\n\n\n\n<p class=\"has-text-align-left\"><br>W tym Sklepie ciasteczka wykorzystywane s\u0105 w celu:<\/p>\n\n\n\n<p class=\"has-text-align-left\">\u2022 zapami\u0119tywania informacji o Twojej sesji,<br>\u2022 statystycznych,<br>\u2022 marketingowych,<br>\u2022 udost\u0119pniania funkcji Sklepu.<\/p>\n\n\n\n<p class=\"has-text-align-left\"><br>Aby dowiedzie\u0107 si\u0119, jak zarz\u0105dza\u0107 plikami cookies, w tym jak wy\u0142\u0105czy\u0107 ich obs\u0142ug\u0119 w Twojej przegl\u0105darce, mo\u017cesz skorzysta\u0107 z pliku pomocy Twojej przegl\u0105darki. Z informacjami na ten temat mo\u017cesz zapozna\u0107 si\u0119 wciskaj\u0105c klawisz F1 w przegl\u0105darce. Ponadto odpowiednie wskaz\u00f3wki znajdziesz na nast\u0119puj\u0105cych podstronach, w zale\u017cno\u015bci od przegl\u0105darki, kt\u00f3rej u\u017cywasz:<\/p>\n\n\n\n<p class=\"has-text-align-left\"><a href=\"https:\/\/support.mozilla.org\/pl\/kb\/wzmocniona-ochrona-przed-sledzeniem-firefox-desktop?redirectlocale=pl&amp;redirectslug=W%C5%82%C4%85czanie+i+wy%C5%82%C4%85czanie+obs%C5%82ugi+ciasteczek\">Firefox<\/a><br><a href=\"https:\/\/support.google.com\/chrome\/answer\/95647?hl=plX\">Chrome<\/a><br><a href=\"https:\/\/support.apple.com\/pl-pl\/guide\/safari\/sfri11471\/mac\">Safari<\/a><br><a href=\"https:\/\/support.microsoft.com\/pl-pl\/help\/4468242\/microsoft-edge-browsing-data-and-privacy\">Internet Explorer \/ Microsoft Edge<\/a><br>Wi\u0119cej informacji o ciasteczkach znajdziesz w <a href=\"https:\/\/pl.wikipedia.org\/wiki\/HTTP_cookie\">Wikipedii<\/a>.<\/p>\n\n\n\n<p>W zwi\u0105zku z naszym Sklepem korzystamy z us\u0142ug podmiot\u00f3w zewn\u0119trznych, kt\u00f3rym mog\u0105 by\u0107 przekazywane Twoje dane (wy\u0142\u0105cznie w celach wskazanych w niniejszej polityce).<\/p>\n\n\n\n<p><br>Poni\u017cej znajduje si\u0119 lista mo\u017cliwych odbiorc\u00f3w Twoich danych:<\/p>\n\n\n\n<p><br>\u2022 Podmiot realizuj\u0105cy dostaw\u0119 towar\u00f3w,<br>\u2022 Dostawca p\u0142atno\u015bci,<br>\u2022 Dostawca oprogramowania potrzebnego do prowadzenia sklepu internetowego,<br>\u2022 Biuro ksi\u0119gowe,<br>\u2022 Osoby wsp\u00f3\u0142pracuj\u0105ce z nami na podstawie um\u00f3w cywilnoprawnych, wspieraj\u0105ce nasz\u0105 bie\u017c\u0105c\u0105 dzia\u0142alno\u015b\u0107,<br>\u2022 Podmiot zapewniaj\u0105cy us\u0142ugi marketingowe,<br>\u2022 Dostawca oprogramowania do obs\u0142ugi zam\u00f3wie\u0144 w sklepie,<br>\u2022 Serwisy s\u0142u\u017c\u0105ce do oceny sklep\u00f3w, produkt\u00f3w oraz por\u00f3wnywarek cenowych,<br>\u2022 Podmiot zapewniaj\u0105cy nam wsparcie techniczne,<br>\u2022 Odpowiednie organy publiczne w zakresie, w jakim Administrator jest zobowi\u0105zany do udost\u0119pnienia im danych.<\/p>\n\n\n\n<p class=\"has-text-align-center\">PRZEKAZYWANIE DANYCH OSOBOWYCH DO PA\u0143STW SPOZA UNII EUROPEJSKIEJ<\/p>\n\n\n\n<p><br>W zwi\u0105zku z powy\u017cszym, Twoje dane osobowe mog\u0105 by\u0107 przetwarzane r\u00f3wnie\u017c przez podmioty spoza Unii Europejskiej. W\u0142a\u015bciwy poziom ochrony Twoich danych, w tym poprzez stosowanie odpowiednich zabezpiecze\u0144, zapewnia uczestnictwo tych podmiot\u00f3w w Tarczy Prywatno\u015bci UE-USA, ustanowionej decyzj\u0105 wykonawcz\u0105 Komisji Europejskiej jako zbi\u00f3r zasad gwarantuj\u0105cych odpowiedni\u0105 ochron\u0119 Twojej prywatno\u015bci<\/p>\n\n\n\n<p class=\"has-text-align-center\">ZAKRES GROMADZENIA I PRZETWARZANIA DANYCH OSOBOWYCH<\/p>\n\n\n\n<p>Poni\u017cej przedstawiamy szczeg\u00f3\u0142owy obraz tego w jaki spos\u00f3b przetwarzamy Twoje dane osobowe. Ju\u017c na wst\u0119pie uspokajamy. Twoje dane s\u0105 nie tylko bezpieczne ale r\u00f3wnie\u017c wykorzystywane w spos\u00f3b minimalny, niezb\u0119dny do prowadzenia przez nas normalnej dzia\u0142alno\u015bci biznesowej. Nie handlujemy danymi, nie udost\u0119pniamy ich podmiotom trzecim, kt\u00f3re zalej\u0105 Ci\u0119 rzek\u0105 spamu, nie wykorzystujemy ich do prowadzenia nachalnego marketingu.<\/p>\n\n\n\n<p>Twoje dane osobowe to wszelkie dane, z kt\u00f3rymi mo\u017cna osobi\u015bcie Ci\u0119 zidentyfikowa\u0107. Szczeg\u00f3\u0142owe informacje na temat ochrony danych mo\u017cna znale\u017a\u0107 poni\u017cej.<\/p>\n\n\n\n<p><strong>Zbieranie informacji na stronach internetowych<br><em>Kto jest odpowiedzialny za zbieranie danych na tej stronie?<\/em><\/strong><br>Dane zgromadzone na tej stronie internetowej <a href=\"https:\/\/wik-pol.pl\"><strong><em>https:\/\/wik-pol.pl<\/em><\/strong><\/a><\/p>\n\n\n\n<p><strong>Jak zbieramy Twoje dane?<\/strong><\/p>\n\n\n\n<p><br>Niekt\u00f3re dane s\u0105 gromadzone, gdy je nam udost\u0119pnisz. Mog\u0105 to by\u0107 na przyk\u0142ad dane wprowadzone w formularzu kontaktowym, dane rejestracyjne, kt\u00f3re podajesz zak\u0142adaj\u0105c konta, zapisujac si\u0119 do newslettera, wype\u0142niaj\u0105c formularze.<br>Inne dane s\u0105 gromadzone automatycznie przez nasze systemy informatyczne podczas odwiedzania strony internetowej. Dane te to przede wszystkim dane techniczne, takie jak przegl\u0105darka i system operacyjny, z kt\u00f3rych korzystasz lub kiedy uzyska\u0142e\u015b dost\u0119p do strony. Dane te s\u0105 gromadzone automatycznie po wej\u015bciu na nasz\u0105 stron\u0119 internetow\u0105. Szczeg\u00f3\u0142owe informacje na ten temat poni\u017cej.<\/p>\n\n\n\n<p><strong>Do czego u\u017cywamy twoich danych?<\/strong><\/p>\n\n\n\n<p><br>Cz\u0119\u015b\u0107 danych jest gromadzona w celu zapewnienia prawid\u0142owego funkcjonowania strony internetowej i firmy. Inne dane mog\u0105 s\u0142u\u017cy\u0107 do analizy sposobu korzystania z witryny przez odwiedzaj\u0105cych. Dane kontaktowe, kt\u00f3re udost\u0119pni\u0142e\u015b w profilu sklepu internetowego s\u0142u\u017c\u0105 do przetwarzania zam\u00f3wie\u0144, przygotowywania ofert, \u015bwiadczenia us\u0142ug konsultacji technicznych, przekazywania Ci istotnych informacji w zakresie dzia\u0142alno\u015bci biznesowej WIK-POL.<\/p>\n\n\n\n<p><br><strong>Jakie masz prawa dotycz\u0105ce twoich danych?<\/strong><br>Zawsze masz prawo \u017c\u0105da\u0107 informacji o przechowywanych danych, ich pochodzeniu, odbiorcach i celu ich gromadzenia bez \u017cadnych op\u0142at. Masz r\u00f3wnie\u017c prawo \u017c\u0105da\u0107 poprawienia, zablokowania lub usuni\u0119cia. Mo\u017cesz skontaktowa\u0107 si\u0119 z nami w dowolnym momencie, korzystaj\u0105c z adresu administratora danych, je\u015bli masz dalsze pytania dotycz\u0105ce kwestii prywatno\u015bci i ochrony danych. Mo\u017cesz oczywi\u015bcie z\u0142o\u017cy\u0107 skarg\u0119 do w\u0142a\u015bciwych organ\u00f3w regulacyjnych.<\/p>\n\n\n\n<p><strong>Analityka i narz\u0119dzia innych firm<\/strong><br>Gdy odwiedzasz nasz\u0105 stron\u0119\/y, mamy mo\u017cliwo\u015b\u0107 \u015bledzenia Twojego zachowania na stronie. Dzieje si\u0119 tak g\u0142\u00f3wnie za pomoc\u0105 plik\u00f3w cookie i narz\u0119dzi analitycznych firm zewn\u0119trznych. Analiza Twoich zachowa\u0144 podczas surfowania jest zwykle anonimowa, tzn. nie b\u0119dziemy w stanie zidentyfikowa\u0107 Ci\u0119 z tych danych. Mo\u017cesz sprzeciwi\u0107 si\u0119 tej analizie lub jej zapobiec, nie u\u017cywaj\u0105c pewnych narz\u0119dzi zmieniaj\u0105c ustawienia przegl\u0105darki internetowej.<\/p>\n\n\n\n<p><strong>Ochrona danych<\/strong><br>Ochron\u0119 Twoich danych osobowych traktujemy bardzo powa\u017cnie. Wszystkie maj\u0105 status poufnych zgodnie z ustawowymi przepisami o ochronie danych i niniejsz\u0105 polityk\u0105 prywatno\u015bci.<\/p>\n\n\n\n<p><br>Wszelkie dane osobowe przechowujemy na zabezpieczonym serwerze podmiot\u00f3w zewn\u0119trznych.<\/p>\n\n\n\n<p><br>Nale\u017cy pami\u0119ta\u0107, \u017ce dane przesy\u0142ane za po\u015brednictwem Internetu (np. Za po\u015brednictwem wiadomo\u015bci e-mail) mog\u0105 podlega\u0107 naruszeniom bezpiecze\u0144stwa. Ca\u0142kowita ochrona twoich danych przed dost\u0119pem os\u00f3b trzecich nie jest mo\u017cliwa.<\/p>\n\n\n\n<p><strong>Cofni\u0119cie zgody na przetwarzanie twoich danych<\/strong><br>Wiele operacji przetwarzania danych jest mo\u017cliwe tylko za wyra\u017an\u0105 zgod\u0105 u\u017cytkownika. U\u017cytkownik mo\u017ce odwo\u0142a\u0107 swoj\u0105 zgod\u0119 w dowolnym momencie, maj\u0105c na uwadze przysz\u0142y efekt. Nieformalny e-mail na adres <a href=\"mailto:biuro@wik-pol.pl\">biuro@wik-pol.pl<\/a>, kt\u00f3ry zg\u0142asza t\u0119 pro\u015bb\u0119, jest wystarczaj\u0105cy. Dane przetworzone przed otrzymaniem wniosku mog\u0105 nadal by\u0107 legalnie przetwarzane.<\/p>\n\n\n\n<p><strong>Prawo do sk\u0142adania skarg u organ\u00f3w regulacyjnych<\/strong><br>Je\u017celi dosz\u0142o do naruszenia przepis\u00f3w dotycz\u0105cych ochrony danych, osoba, kt\u00f3rej to dotyczy, mo\u017ce wnie\u015b\u0107 skarg\u0119 do w\u0142a\u015bciwych organ\u00f3w regulacyjnych.<\/p>\n\n\n\n<p><strong>Prawo do przenoszenia danych<\/strong><br>Masz prawo do posiadania danych, kt\u00f3re przetwarzamy na podstawie Twojej zgody lub w ramach realizacji umowy automatycznie dostarczonej do Ciebie lub strony trzeciej w standardowym formacie do odczytu maszynowego. Je\u015bli potrzebujesz bezpo\u015bredniego transferu danych do innej odpowiedzialnej strony, zostanie to zrobione tylko w zakresie technicznie wykonalnym.<\/p>\n\n\n\n<p><strong>Szyfrowanie SSL lub TLS<\/strong><br>Ta strona w ca\u0142o\u015bci lub w cz\u0119\u015bci wykorzystuje szyfrowanie SSL lub TLS ze wzgl\u0119d\u00f3w bezpiecze\u0144stwa i do ochrony transmisji poufnych tre\u015bci, takich jak zapytania wysy\u0142ane do nas jako operator witryny. Mo\u017cesz rozpozna\u0107 zaszyfrowane po\u0142\u0105czenie w linii adresowej przegl\u0105darki, gdy zmieni si\u0119 z &#8222;http: \/\/&#8221; na &#8222;https: \/\/&#8221;, a ikona k\u0142\u00f3dki jest wy\u015bwietlana na pasku adresu przegl\u0105darki.<\/p>\n\n\n\n<p>Je\u015bli aktywowane jest szyfrowanie SSL lub TLS, dane, kt\u00f3re nam przekazujesz, nie mog\u0105 by\u0107 odczytane przez osoby trzecie.<\/p>\n\n\n\n<p><strong>Informacje, blokowanie, usuwanie<\/strong><br>Zgodnie z prawem, masz prawo do uzyskania w dowolnym momencie bezp\u0142atnych informacji na temat przechowywanych danych osobowych, ich pochodzenia, odbiorcy i celu, dla kt\u00f3rego zosta\u0142y one przetworzone. Masz r\u00f3wnie\u017c prawo do poprawienia, zablokowania lub usuni\u0119cia tych danych. Mo\u017cesz skontaktowa\u0107 si\u0119 z nami w dowolnym momencie, korzystaj\u0105c z adresu podanego w naszym powiadomieniu prawnym, je\u015bli masz dalsze pytania na temat danych osobowych.<\/p>\n\n\n\n<p><strong>Sprzeciw wobec promocyjnych wiadomo\u015bci e-mail<\/strong><br>Niniejszym wyra\u017anie zabraniamy wykorzystywania danych kontaktowych publikowanych na tej stronie w zwi\u0105zku z wymogami dotycz\u0105cymi og\u0142osze\u0144 prawnych w witrynie w odniesieniu do wysy\u0142ania materia\u0142\u00f3w promocyjnych i informacyjnych, kt\u00f3rych wyra\u017anie nie za\u017c\u0105dano. Operator strony zastrzega sobie prawo do podj\u0119cia okre\u015blonych dzia\u0142a\u0144 prawnych, je\u015bli otrzyma niezam\u00f3wione materia\u0142y reklamowe, takie jak spam e-mailowy.<\/p>\n\n\n\n<p><strong>Ciasteczka \u201ecookies\u201d<\/strong><br>Nasze strony internetowe wykorzystuj\u0105 pliki cookie. Pliki cookie nie szkodz\u0105 komputerowi i nie zawieraj\u0105 \u017cadnych wirus\u00f3w. Dzi\u0119ki plikom cookie nasza strona jest bardziej przyjazna dla u\u017cytkownika, wydajniejsza i bezpieczniejsza. Pliki cookie to ma\u0142e pliki tekstowe, kt\u00f3re s\u0105 przechowywane na Twoim komputerze i zapisywane przez przegl\u0105dark\u0119.<br>Wi\u0119kszo\u015b\u0107 wykorzystywanych przez nas plik\u00f3w cookie to tak zwane &#8222;pliki cookie sesji&#8221;. S\u0105 one automatycznie usuwane po Twojej wizycie. Inne pliki cookie pozostaj\u0105 w pami\u0119ci urz\u0105dzenia, dop\u00f3ki ich nie usuniesz. Te pliki cookie umo\u017cliwiaj\u0105 rozpoznanie przegl\u0105darki podczas nast\u0119pnej wizyty na stronie.<br>Mo\u017cesz skonfigurowa\u0107 przegl\u0105dark\u0119 tak, aby informowa\u0142a Ci\u0119 o u\u017cywaniu plik\u00f3w cookie, aby mo\u017cna by\u0142o zdecydowa\u0107, czy przyjmowa\u0107 lub odrzuca\u0107 pliki cookie. Alternatywnie przegl\u0105darka mo\u017ce by\u0107 skonfigurowana tak, aby automatycznie akceptowa\u0142a pliki cookie pod pewnymi warunkami lub aby zawsze je odrzuca\u0107 lub automatycznie usuwa\u0142a pliki cookie podczas zamykania przegl\u0105darki. Wy\u0142\u0105czenie plik\u00f3w cookie mo\u017ce ograniczy\u0107 funkcjonalno\u015b\u0107 tej witryny.<br>Pliki cookie, kt\u00f3re s\u0105 niezb\u0119dne do umo\u017cliwienia komunikacji elektronicznej lub do zapewnienia pewnych funkcji, kt\u00f3re chcesz wykorzysta\u0107 (takich jak koszyk na zakupy) s\u0105 przechowywane zgodnie z art. 6 ust. 1 lit. f .RODO. Operator witryny ma uzasadniony interes w przechowywaniu plik\u00f3w cookie w celu zapewnienia zoptymalizowanej us\u0142ugi bez b\u0142\u0119d\u00f3w technicznych. Je\u015bli przechowywane s\u0105 r\u00f3wnie\u017c inne pliki cookie (takie jak te wykorzystywane do analizy zachowania podczas surfowania), b\u0119d\u0105 one traktowane oddzielnie w niniejszej polityce prywatno\u015bci.<\/p>\n\n\n\n<p><strong>Formularz kontaktowy<\/strong><br>Je\u015bli wy\u015blesz nam pytania za po\u015brednictwem formularza kontaktowego, pobieramy dane wprowadzone w formularzu, w tym dane kontaktowe, kt\u00f3re podasz, aby odpowiedzie\u0107 na twoje pytanie i wszelkie dalsze pytania. Nie udost\u0119pniamy tych informacji bez Twojej zgody.<\/p>\n\n\n\n<p><br>Przetworzymy wszelkie dane, kt\u00f3re wprowadzisz do formularza kontaktowego, wy\u0142\u0105cznie za Twoj\u0105 zgod\u0105 w ramach art. 6 (1) (a) RODO. W ka\u017cdej chwili mo\u017cesz odwo\u0142a\u0107 swoj\u0105 zgod\u0119. Nieformalny e-mail (biuro@wik-pol.pl), kt\u00f3ry zg\u0142asza t\u0119 pro\u015bb\u0119, jest wystarczaj\u0105cy. Dane przetworzone przed otrzymaniem wniosku mog\u0105 nadal by\u0107 legalnie przetwarzane.<\/p>\n\n\n\n<p><br>Zachowamy dane podane przez Ciebie w formularzu kontaktowym, dop\u00f3ki nie poprosisz o ich usuni\u0119cie, nie cofniesz zgody na ich przechowywanie lub nie b\u0119dzie ju\u017c potrzebny cel przechowywania (np. Po wype\u0142nieniu pro\u015bby). Obowi\u0105zuj\u0105ce przepisy ustawowe, szczeg\u00f3lnie te dotycz\u0105ce obowi\u0105zkowych okres\u00f3w przechowywania danych, pozostaj\u0105 nienaruszone przez ten przepis.<\/p>\n\n\n\n<p class=\"has-text-align-center\">ZMIANA POLITYKI PRYWATNO\u015aCI<\/p>\n\n\n\n<p class=\"has-text-align-left\"><br>Polityka Prywatno\u015bci mo\u017ce by\u0107 w ka\u017cdym czasie zmieniona przez w\u0142a\u015bciciela portalu w ca\u0142o\u015bci lub w cz\u0119\u015bci i obowi\u0105zuje w nowym brzmieniu od momentu opublikowania jej na stronie internetowej portalu.<\/p>\n\n\n\n<p class=\"has-text-align-center\">KONTAKT Z ADMINISTRATOREM<\/p>\n\n\n\n<p class=\"has-text-align-left\"><br>Chcesz skorzysta\u0107 ze swoich uprawnie\u0144 dotycz\u0105cych danych osobowych?<br>A mo\u017ce po prostu chcesz zapyta\u0107 o co\u015b zwi\u0105zanego z nasz\u0105 Polityk\u0105 Prywatno\u015bci?<br>Napisz na adres e-mail: <a href=\"mailto:biuro@wik-pol.pl\">biuro@wik-pol.pl<\/a><\/p>\n\n\n\n<div style=\"height:100px\" aria-hidden=\"true\" class=\"wp-block-spacer\"><\/div>\n\n\n\n<div class=\"wp-block-image\"><figure class=\"aligncenter size-large\"><img loading=\"lazy\" decoding=\"async\" width=\"258\" height=\"75\" src=\"https:\/\/wik-pol.pl\/wp-content\/uploads\/2020\/07\/Logo-WIK-POL.png\" alt=\"\" class=\"wp-image-1303\"\/><\/figure><\/div>\n","protected":false},"excerpt":{"rendered":"<p>POLITYKA PRYWATNO\u015aCI &#8211; RODO wik-pol.pl INFORMACJE PODSTAWOWE O RODO Od 25.05.2018 wchodzi w \u017cycie RODO. To Rozporz\u0105dzenia Parlamentu Europejskiego i Rady (UE) 2016\/679 z dnia 27 kwietnia 2016 r. W &#8230;<\/p>\n","protected":false},"author":1,"featured_media":0,"parent":0,"menu_order":0,"comment_status":"closed","ping_status":"closed","template":"","meta":{"footnotes":""},"class_list":["post-505","page","type-page","status-publish","hentry"],"jetpack_sharing_enabled":true,"_links":{"self":[{"href":"https:\/\/wik-pol.pl\/index.php?rest_route=\/wp\/v2\/pages\/505","targetHints":{"allow":["GET"]}}],"collection":[{"href":"https:\/\/wik-pol.pl\/index.php?rest_route=\/wp\/v2\/pages"}],"about":[{"href":"https:\/\/wik-pol.pl\/index.php?rest_route=\/wp\/v2\/types\/page"}],"author":[{"embeddable":true,"href":"https:\/\/wik-pol.pl\/index.php?rest_route=\/wp\/v2\/users\/1"}],"replies":[{"embeddable":true,"href":"https:\/\/wik-pol.pl\/index.php?rest_route=%2Fwp%2Fv2%2Fcomments&post=505"}],"version-history":[{"count":6,"href":"https:\/\/wik-pol.pl\/index.php?rest_route=\/wp\/v2\/pages\/505\/revisions"}],"predecessor-version":[{"id":2132,"href":"https:\/\/wik-pol.pl\/index.php?rest_route=\/wp\/v2\/pages\/505\/revisions\/2132"}],"wp:attachment":[{"href":"https:\/\/wik-pol.pl\/index.php?rest_route=%2Fwp%2Fv2%2Fmedia&parent=505"}],"curies":[{"name":"wp","href":"https:\/\/api.w.org\/{rel}","templated":true}]}}